{"id":3423,"date":"2026-01-01T23:36:55","date_gmt":"2026-01-02T02:36:55","guid":{"rendered":"https:\/\/contosdeumlobo.com.br\/?post_type=product&#038;p=3423"},"modified":"2026-01-01T23:38:30","modified_gmt":"2026-01-02T02:38:30","slug":"contos-de-um-lobo-na-cidade-vol-4-os-mundos-e-seus-seres-vivos","status":"publish","type":"product","link":"https:\/\/contosdeumlobo.com.br\/en\/product\/contos-de-um-lobo-na-cidade-vol-4-os-mundos-e-seus-seres-vivos\/","title":{"rendered":"Contos de Um Lobo na Cidade &#8211; Vol. 4 &#8211; Os Mundos e Seus Seres -Vivos-"},"content":{"rendered":"<p>As hist\u00f3rias deste Lobo que vive neste nosso mundo humano continuam por ai. Agora, de uma maneira mais ampla, podemos dizer assim. O mundo n\u00e3o \u00e9 s\u00f3 o que vivemos no nosso dia-a-dia. Muito maior do que ele, voc\u00ea ou eu. O mundo inteiro \u00e9 enorme, cheio de mist\u00e9rios e seres, que podemos ver e interagir, ou n\u00e3o. E cada um tem a sua pr\u00f3rpia historia para contar, para o mundo inteiro ouvir.<\/p>\n<p>&nbsp;<\/p>\n<p>Versao do eBook dispon\u00edvel na Amazon!<\/p>\n<p><a href=\"https:\/\/www.amazon.com.br\/dp\/B0FQ4JV1FD\">Adquira aqui.<\/a><\/p>","protected":false},"excerpt":{"rendered":"<p><strong>Sinopse:<\/strong><\/p>\n<p>O Volume 4 de Contos de Um Lobo na Cidade vem carregado de responsabilidade. Vem com Os Mundos e Seus Seres -Vivo- clamando sem cessar.<\/p>\n<p>O Lobo corre pelos chamados.<\/p>\n<p>Voa pelos mundos.<\/p>\n<p>N\u00e3o pode voltar atras mais por si mesmo.<\/p>\n<p>Porque no andar da carruagem, o inevit\u00e1vel \u00e9 sempre presente. E o futuro, sempre ser\u00e1 apenas uma esperan\u00e7a.<\/p>","protected":false},"featured_media":1843,"template":"","meta":[],"product_brand":[],"product_cat":[422,425,428],"product_tag":[],"class_list":{"0":"post-3423","1":"product","2":"type-product","3":"status-publish","4":"has-post-thumbnail","6":"product_cat-contos","7":"product_cat-cronicas","8":"product_cat-fantasia","10":"first","11":"outofstock","12":"virtual","13":"taxable","14":"purchasable","15":"product-type-simple"},"_links":{"self":[{"href":"https:\/\/contosdeumlobo.com.br\/en\/wp-json\/wp\/v2\/product\/3423","targetHints":{"allow":["GET"]}}],"collection":[{"href":"https:\/\/contosdeumlobo.com.br\/en\/wp-json\/wp\/v2\/product"}],"about":[{"href":"https:\/\/contosdeumlobo.com.br\/en\/wp-json\/wp\/v2\/types\/product"}],"wp:featuredmedia":[{"embeddable":true,"href":"https:\/\/contosdeumlobo.com.br\/en\/wp-json\/wp\/v2\/media\/1843"}],"wp:attachment":[{"href":"https:\/\/contosdeumlobo.com.br\/en\/wp-json\/wp\/v2\/media?parent=3423"}],"wp:term":[{"taxonomy":"product_brand","embeddable":true,"href":"https:\/\/contosdeumlobo.com.br\/en\/wp-json\/wp\/v2\/product_brand?post=3423"},{"taxonomy":"product_cat","embeddable":true,"href":"https:\/\/contosdeumlobo.com.br\/en\/wp-json\/wp\/v2\/product_cat?post=3423"},{"taxonomy":"product_tag","embeddable":true,"href":"https:\/\/contosdeumlobo.com.br\/en\/wp-json\/wp\/v2\/product_tag?post=3423"}],"curies":[{"name":"wp","href":"https:\/\/api.w.org\/{rel}","templated":true}]}}