{"id":71,"date":"2016-06-08T12:25:06","date_gmt":"2016-06-08T15:25:06","guid":{"rendered":"https:\/\/ferilos.wordpress.com\/galerias\/"},"modified":"2024-07-09T00:38:25","modified_gmt":"2024-07-09T03:38:25","slug":"links_uteis","status":"publish","type":"page","link":"https:\/\/contosdeumlobo.com.br\/en\/links_uteis\/","title":{"rendered":"Links uteis"},"content":{"rendered":"<h2>Nesta p\u00e1gina voc\u00ea encontra links \u00fateis para sites onde eu possuo bastante conte\u00fado. Tanto sobre os livros, como em videos e fotos dos meus passeios pela cidade.<\/h2>\n<pre><strong>Pagina Oficial no Facebook<\/strong> - <a href=\"http:\/\/facebook.com\/contosdeumlobo\">Contos de Um Lobo<\/a><\/pre>\n<p>Na p\u00e1gina \u00e9 postado geralmente fotos bonitas e publica\u00e7\u00f5es de outras paginas do face sobre diversos assuntos. Tamb\u00e9m posto conte\u00fados relevantes aos livros.<\/p>\n<h3 style=\"text-align: center;\">Onde comprar o livro?<\/h3>\n<p>Voc\u00ea pode compra-lo diretamente no site da Editora! -&gt; <a href=\"http:\/\/www.lojapendragon.com.br\/fantasia\/livro-contos-de-um-lobo-na-cidade\">PenDragon<\/a><\/p>\n<p>Outras op\u00e7\u00f5es?<\/p>\n<p style=\"text-align: center;\"><a href=\"https:\/\/www.submarino.com.br\/produto\/33734306\/livro-contos-de-um-lobo-na-cidade\">Loja Submarino<\/a>, <a href=\"https:\/\/www.americanas.com.br\/produto\/33734306\/livro-contos-de-um-lobo-na-cidade\">Loja Americanas<\/a> e <a href=\"https:\/\/www.livrariacultura.com.br\/p\/livros\/literatura-nacional\/ficcao-fantasiosa\/contos-de-um-lobo-na-cidade-2000096402\">Livraria Cultura!<\/a><\/p>\n<p>Recentemente o Livro esta dispon\u00edvel para compra em eBook em v\u00e1rios sites! De uma checada no site de sua prefer\u00eancia! \ud83d\ude00 Segue abaixo algumas das lojas online que ele ja esta dispon\u00edvel em eBook!<\/p>\n<p><a href=\"https:\/\/play.google.com\/store\/books\/details\/Felipe_Senna_Contos_de_um_Lobo_na_Cidade?id=vVFgDwAAQBAJ\">Google Livros<\/a> || <a href=\"https:\/\/www.livrariacultura.com.br\/p\/ebooks\/literatura-internacional\/ficcao-fantasiosa\/contos-de-um-lobo-na-cidade-2010734370\">Livraria Cultura<\/a> || <a href=\"https:\/\/www.wook.pt\/ebook\/contos-de-um-lobo-na-cidade-felipe-senna\/22064550\">Wook<\/a> || <a href=\"https:\/\/www.kobo.com\/br\/pt\/ebook\/contos-de-um-lobo-na-cidade\">Kobo<\/a> || <a href=\"https:\/\/www.casadellibro.com\/ebook-contos-de-um-lobo-na-cidade-ebook\/9788595940628\/6764071\">Casa Del Libro<\/a> || <a href=\"https:\/\/www.tagusbooks.com\/ebook-contos-de-um-lobo-na-cidade-ebook\/9788595940628\/6764071\">Tagus Books<\/a> ||<\/p>\n<p>D\u00ea Uma olhada \ud83d\ude09<\/p>\n<p><strong>Deseja ler em outro site sem precisar comprar para conhecer melhor a primeira obra? <a href=\"https:\/\/embed.wattpad.com\/story\/66444360-contos-de-um-lobo-na-cidade-vol-1\">Wattapad<\/a> \u00e9 o seu lugar, pois \u00e9 onde alguns cap\u00edtulos est\u00e3o dispon\u00edveis na \u00edntegra para voc\u00ea ler com calma e opinar!<\/strong><\/p>\n<p style=\"text-align: center;\">***<\/p>\n<p style=\"text-align: left;\">Tenho muito conte\u00fado para quem gosta de fotos e videos tamb\u00e9m!<\/p>\n<p style=\"text-align: left;\">Minha pagina do <strong>Flickr<\/strong> &#8211; <a href=\"https:\/\/www.flickr.com\/photos\/101501601@N07\/\">Felipe Sena Pereira<\/a> &#8211; contem fotos tiradas por mim dos mais diversos lugares de SP e cidades ao redor!<\/p>\n<p style=\"text-align: left;\">E o meu <strong>Canal do <a href=\"https:\/\/www.youtube.com\/channel\/UCzoCavempZ4hwQpUhfFUgfw\">Youtube<\/a> <\/strong>possui v\u00e1rios videos que fa\u00e7o dos meus colegas ou que eles fazem de mim, vale a pena rir um pouco e conferir \ud83d\ude09<\/p>\n<p>D\u00ea uma olhada tamb\u00e9m na minha conta do <strong>Instagram<\/strong>! n\u00e3o sou quem mais posta videos e fotos mas tenho uma boa regularidade!<strong> <a href=\"https:\/\/www.instagram.com\/ferilosart\/\">Ferilos\u00a0<\/a><\/strong><\/p>\n<p>Agora tamb\u00e9m tem o Instagram do livro! <strong><a href=\"https:\/\/www.instagram.com\/contos_de_um_lobo\/\">Contos de Um Lobo<\/a><\/strong><\/p>","protected":false},"excerpt":{"rendered":"<p>Nesta p\u00e1gina voc\u00ea encontra links \u00fateis para sites onde eu possuo bastante conte\u00fado. Tanto sobre os livros, como em videos e fotos dos meus passeios pela cidade. Pagina Oficial no Facebook &#8211; Contos de Um Lobo Na p\u00e1gina \u00e9 postado geralmente fotos bonitas e publica\u00e7\u00f5es de outras paginas do face sobre diversos assuntos. Tamb\u00e9m posto&#8230;<\/p>","protected":false},"author":1,"featured_media":14,"parent":0,"menu_order":0,"comment_status":"closed","ping_status":"closed","template":"","meta":{"footnotes":""},"class_list":["post-71","page","type-page","status-publish","has-post-thumbnail","hentry"],"_links":{"self":[{"href":"https:\/\/contosdeumlobo.com.br\/en\/wp-json\/wp\/v2\/pages\/71","targetHints":{"allow":["GET"]}}],"collection":[{"href":"https:\/\/contosdeumlobo.com.br\/en\/wp-json\/wp\/v2\/pages"}],"about":[{"href":"https:\/\/contosdeumlobo.com.br\/en\/wp-json\/wp\/v2\/types\/page"}],"author":[{"embeddable":true,"href":"https:\/\/contosdeumlobo.com.br\/en\/wp-json\/wp\/v2\/users\/1"}],"replies":[{"embeddable":true,"href":"https:\/\/contosdeumlobo.com.br\/en\/wp-json\/wp\/v2\/comments?post=71"}],"version-history":[{"count":2,"href":"https:\/\/contosdeumlobo.com.br\/en\/wp-json\/wp\/v2\/pages\/71\/revisions"}],"predecessor-version":[{"id":3330,"href":"https:\/\/contosdeumlobo.com.br\/en\/wp-json\/wp\/v2\/pages\/71\/revisions\/3330"}],"wp:featuredmedia":[{"embeddable":true,"href":"https:\/\/contosdeumlobo.com.br\/en\/wp-json\/wp\/v2\/media\/14"}],"wp:attachment":[{"href":"https:\/\/contosdeumlobo.com.br\/en\/wp-json\/wp\/v2\/media?parent=71"}],"curies":[{"name":"wp","href":"https:\/\/api.w.org\/{rel}","templated":true}]}}