{"id":61,"date":"2016-06-08T01:26:10","date_gmt":"2016-06-08T01:26:10","guid":{"rendered":"http:\/\/ferilos.wordpress.com\/?page_id=1"},"modified":"2023-06-16T16:08:05","modified_gmt":"2023-06-16T19:08:05","slug":"sobre","status":"publish","type":"page","link":"https:\/\/contosdeumlobo.com.br\/en\/sobre\/","title":{"rendered":"Sobre"},"content":{"rendered":"<div data-elementor-type=\"wp-page\" data-elementor-id=\"61\" class=\"elementor elementor-61\">\n\t\t\t\t\t\t<section class=\"elementor-section elementor-top-section elementor-element elementor-element-4a309d43 elementor-section-stretched elementor-section-full_width elementor-section-height-default elementor-section-height-default\" data-id=\"4a309d43\" data-element_type=\"section\" data-e-type=\"section\" data-settings=\"{&quot;stretch_section&quot;:&quot;section-stretched&quot;}\">\n\t\t\t\t\t\t<div class=\"elementor-container elementor-column-gap-default\">\n\t\t\t\t\t<div class=\"elementor-column elementor-col-100 elementor-top-column elementor-element elementor-element-16055044\" data-id=\"16055044\" data-element_type=\"column\" data-e-type=\"column\">\n\t\t\t<div class=\"elementor-widget-wrap elementor-element-populated\">\n\t\t\t\t\t\t<div class=\"elementor-element elementor-element-437d663 elementor-widget elementor-widget-image\" data-id=\"437d663\" data-element_type=\"widget\" data-e-type=\"widget\" data-widget_type=\"image.default\">\n\t\t\t\t<div class=\"elementor-widget-container\">\n\t\t\t\t\t\t\t\t\t\t\t\t\t\t\t<img decoding=\"async\" src=\"https:\/\/contosdeumlobo.com.br\/wp-content\/uploads\/2016\/06\/machado-de-assis-circulo-vicioso.png\" title=\"machado de assis &#8211; circulo vicioso\" alt=\"machado de assis - circulo vicioso\" loading=\"lazy\" \/>\t\t\t\t\t\t\t\t\t\t\t\t\t\t\t<\/div>\n\t\t\t\t<\/div>\n\t\t\t\t<div class=\"elementor-element elementor-element-7a3e69fb elementor-widget elementor-widget-text-editor\" data-id=\"7a3e69fb\" data-element_type=\"widget\" data-e-type=\"widget\" data-widget_type=\"text-editor.default\">\n\t\t\t\t<div class=\"elementor-widget-container\">\n\t\t\t\t\t\t\t\t\t<h1 style=\"text-align: center;\"><span style=\"text-decoration: underline;\">Bem vindo \u00e0 se\u00e7\u00e3o sobre!<\/span><\/h1><h1 style=\"text-align: center;\">Aqui eu disponibilizo \u00e0\u00a0voc\u00eas sobre o que \u00e9 o meu site de forma simples:<\/h1><p style=\"text-align: center;\"><span style=\"text-decoration: underline;\"><strong>Contos De Um Lobo<\/strong><\/span>\u00a0\u00e9 o meu web site que contem as informa\u00e7\u00f5es e noticias sobre os meus livros.<\/p><p style=\"text-align: center;\">Sobre Mim.<\/p>\t\t\t\t\t\t\t\t<\/div>\n\t\t\t\t<\/div>\n\t\t\t\t<div class=\"elementor-element elementor-element-8febbe7 elementor-widget elementor-widget-text-editor\" data-id=\"8febbe7\" data-element_type=\"widget\" data-e-type=\"widget\" data-widget_type=\"text-editor.default\">\n\t\t\t\t<div class=\"elementor-widget-container\">\n\t\t\t\t\t\t\t\t\t<p style=\"font-style: normal; font-variant-ligatures: normal; font-variant-caps: normal; font-family: Roboto, sans-serif; text-align: center;\">Ferilos \u00e9 uma jun\u00e7\u00e3o de alguns nomes que tenho em mente que decidi usar para me auto chamar e conhecer.<\/p><p style=\"font-style: normal; font-variant-ligatures: normal; font-variant-caps: normal; font-family: Roboto, sans-serif; text-align: center;\"><span style=\"font-family: Roboto, sans-serif; font-size: 16px; font-style: normal; font-variant-ligatures: normal; font-variant-caps: normal; font-weight: 400;\">Meu nome \u00e9 Felipe Sena Pereira, escritor (ou tenta ser), designer digital (tentando ser) e o que mais a minha vida me permitir ser.<\/span><\/p><p style=\"font-style: normal; font-variant-ligatures: normal; font-variant-caps: normal; font-family: Roboto, sans-serif; text-align: center;\"><span style=\"font-family: Roboto, sans-serif; font-size: 16px; font-style: normal; font-variant-ligatures: normal; font-variant-caps: normal; font-weight: 400;\">Nascido em S\u00e3o Paulo, Capital, Brasil (brasileiro com orgulho!). Onde o meu proprio local, em muitas vezes \u00e9 o cen\u00e1rio das minhas historias. Assim como as pessoas quem passam por mim todo dia nessa floresta de pedra que vivo.<\/span><\/p><p style=\"font-style: normal; font-variant-ligatures: normal; font-variant-caps: normal; font-family: Roboto, sans-serif; text-align: center;\"><span style=\"font-family: Roboto, sans-serif; font-size: 16px; font-style: normal; font-variant-ligatures: normal; font-variant-caps: normal; font-weight: 400;\">Sou muito sonhador, e quem leu minhas hist\u00f3rias, com certeza notou isso. Tento passar sempre algo importante com algumas\u00a0historias e sou muito detalhista. Me considero chato mas quem discorde de mim (e ainda me chamam de louco).<\/span><\/p><p style=\"font-style: normal; font-variant-ligatures: normal; font-variant-caps: normal; font-family: Roboto, sans-serif; text-align: center;\"><span style=\"font-family: Roboto, sans-serif; font-size: 16px; font-style: normal; font-variant-ligatures: normal; font-variant-caps: normal; font-weight: 400;\">N\u00e3o tenho muito sobre o que falar sobre mim, apenas que&#8230; Amo gente que conta hist\u00f3rias, e se voc\u00ea o faz, eu vou ser um f\u00e3 seu, pode apostar!<\/span><\/p>\t\t\t\t\t\t\t\t<\/div>\n\t\t\t\t<\/div>\n\t\t\t\t\t<\/div>\n\t\t<\/div>\n\t\t\t\t\t<\/div>\n\t\t<\/section>\n\t\t\t\t<\/div>","protected":false},"excerpt":{"rendered":"<p>Bem vindo \u00e0 se\u00e7\u00e3o sobre! Aqui eu disponibilizo \u00e0\u00a0voc\u00eas sobre o que \u00e9 o meu site de forma simples: Contos De Um Lobo\u00a0\u00e9 o meu web site que contem as informa\u00e7\u00f5es e noticias sobre os meus livros. Sobre Mim. Ferilos \u00e9 uma jun\u00e7\u00e3o de alguns nomes que tenho em mente que decidi usar para me&#8230;<\/p>","protected":false},"author":1,"featured_media":62,"parent":0,"menu_order":0,"comment_status":"open","ping_status":"closed","template":"elementor_header_footer","meta":{"footnotes":""},"class_list":["post-61","page","type-page","status-publish","has-post-thumbnail","hentry"],"_links":{"self":[{"href":"https:\/\/contosdeumlobo.com.br\/en\/wp-json\/wp\/v2\/pages\/61","targetHints":{"allow":["GET"]}}],"collection":[{"href":"https:\/\/contosdeumlobo.com.br\/en\/wp-json\/wp\/v2\/pages"}],"about":[{"href":"https:\/\/contosdeumlobo.com.br\/en\/wp-json\/wp\/v2\/types\/page"}],"author":[{"embeddable":true,"href":"https:\/\/contosdeumlobo.com.br\/en\/wp-json\/wp\/v2\/users\/1"}],"replies":[{"embeddable":true,"href":"https:\/\/contosdeumlobo.com.br\/en\/wp-json\/wp\/v2\/comments?post=61"}],"version-history":[{"count":3,"href":"https:\/\/contosdeumlobo.com.br\/en\/wp-json\/wp\/v2\/pages\/61\/revisions"}],"predecessor-version":[{"id":3054,"href":"https:\/\/contosdeumlobo.com.br\/en\/wp-json\/wp\/v2\/pages\/61\/revisions\/3054"}],"wp:featuredmedia":[{"embeddable":true,"href":"https:\/\/contosdeumlobo.com.br\/en\/wp-json\/wp\/v2\/media\/62"}],"wp:attachment":[{"href":"https:\/\/contosdeumlobo.com.br\/en\/wp-json\/wp\/v2\/media?parent=61"}],"curies":[{"name":"wp","href":"https:\/\/api.w.org\/{rel}","templated":true}]}}