{"id":44,"date":"2016-06-08T00:39:49","date_gmt":"2016-06-08T03:39:49","guid":{"rendered":"https:\/\/ferilos.wordpress.com\/contos-de-um-lobo-3\/"},"modified":"2026-01-01T19:32:03","modified_gmt":"2026-01-01T22:32:03","slug":"contos-de-um-lobo-3","status":"publish","type":"page","link":"https:\/\/contosdeumlobo.com.br\/en\/obras\/contos-de-um-lobo-3\/","title":{"rendered":"contos de um lobo 3"},"content":{"rendered":"\t\t<div data-elementor-type=\"wp-page\" data-elementor-id=\"44\" class=\"elementor elementor-44\">\n\t\t\t\t\t\t<section class=\"elementor-section elementor-top-section elementor-element elementor-element-14f0d42 elementor-section-stretched elementor-section-full_width elementor-section-height-default elementor-section-height-default\" data-id=\"14f0d42\" data-element_type=\"section\" data-e-type=\"section\" data-settings=\"{&quot;stretch_section&quot;:&quot;section-stretched&quot;}\">\n\t\t\t\t\t\t<div class=\"elementor-container elementor-column-gap-default\">\n\t\t\t\t\t<div class=\"elementor-column elementor-col-100 elementor-top-column elementor-element elementor-element-7619c92\" data-id=\"7619c92\" data-element_type=\"column\" data-e-type=\"column\" data-settings=\"{&quot;background_background&quot;:&quot;classic&quot;}\">\n\t\t\t<div class=\"elementor-widget-wrap elementor-element-populated\">\n\t\t\t\t\t\t<div class=\"elementor-element elementor-element-43f98c4 elementor-widget__width-initial elementor-widget elementor-widget-image\" data-id=\"43f98c4\" data-element_type=\"widget\" data-e-type=\"widget\" data-widget_type=\"image.default\">\n\t\t\t\t<div class=\"elementor-widget-container\">\n\t\t\t\t\t\t\t\t\t\t\t\t\t\t\t<img fetchpriority=\"high\" decoding=\"async\" width=\"2480\" height=\"820\" src=\"https:\/\/contosdeumlobo.com.br\/wp-content\/uploads\/2019\/06\/capa-2-v-3.png\" class=\"attachment-full size-full wp-image-2218\" alt=\"\" srcset=\"https:\/\/contosdeumlobo.com.br\/wp-content\/uploads\/2019\/06\/capa-2-v-3.png 2480w, https:\/\/contosdeumlobo.com.br\/wp-content\/uploads\/2019\/06\/capa-2-v-3-600x198.png 600w\" sizes=\"(max-width: 2480px) 100vw, 2480px\" \/>\t\t\t\t\t\t\t\t\t\t\t\t\t\t\t<\/div>\n\t\t\t\t<\/div>\n\t\t\t\t\t<\/div>\n\t\t<\/div>\n\t\t\t\t\t<\/div>\n\t\t<\/section>\n\t\t\t\t<section class=\"elementor-section elementor-top-section elementor-element elementor-element-27dc229 elementor-section-boxed elementor-section-height-default elementor-section-height-default\" data-id=\"27dc229\" data-element_type=\"section\" data-e-type=\"section\" data-settings=\"{&quot;background_background&quot;:&quot;classic&quot;}\">\n\t\t\t\t\t\t<div class=\"elementor-container elementor-column-gap-default\">\n\t\t\t\t\t<div class=\"elementor-column elementor-col-100 elementor-top-column elementor-element elementor-element-667168d\" data-id=\"667168d\" data-element_type=\"column\" data-e-type=\"column\">\n\t\t\t<div class=\"elementor-widget-wrap elementor-element-populated\">\n\t\t\t\t\t\t<div class=\"elementor-element elementor-element-a3f681c elementor-widget elementor-widget-heading\" data-id=\"a3f681c\" data-element_type=\"widget\" data-e-type=\"widget\" data-widget_type=\"heading.default\">\n\t\t\t\t<div class=\"elementor-widget-container\">\n\t\t\t\t\t<h1 class=\"elementor-heading-title elementor-size-xl\">Contos de Um Lobo na Cidade - Vol. 3<\/h1>\t\t\t\t<\/div>\n\t\t\t\t<\/div>\n\t\t\t\t\t<\/div>\n\t\t<\/div>\n\t\t\t\t\t<\/div>\n\t\t<\/section>\n\t\t\t\t<section class=\"elementor-section elementor-top-section elementor-element elementor-element-fc78841 elementor-section-boxed elementor-section-height-default elementor-section-height-default\" data-id=\"fc78841\" data-element_type=\"section\" data-e-type=\"section\" data-settings=\"{&quot;background_background&quot;:&quot;classic&quot;}\">\n\t\t\t\t\t\t<div class=\"elementor-container elementor-column-gap-default\">\n\t\t\t\t\t<div class=\"elementor-column elementor-col-100 elementor-top-column elementor-element elementor-element-8d43724\" data-id=\"8d43724\" data-element_type=\"column\" data-e-type=\"column\">\n\t\t\t<div class=\"elementor-widget-wrap elementor-element-populated\">\n\t\t\t\t\t\t<div class=\"elementor-element elementor-element-6d8a843 elementor-widget elementor-widget-heading\" data-id=\"6d8a843\" data-element_type=\"widget\" data-e-type=\"widget\" data-widget_type=\"heading.default\">\n\t\t\t\t<div class=\"elementor-widget-container\">\n\t\t\t\t\t<h2 class=\"elementor-heading-title elementor-size-large\">Hist\u00f3rias de Vidas Paralelas<\/h2>\t\t\t\t<\/div>\n\t\t\t\t<\/div>\n\t\t\t\t<div class=\"elementor-element elementor-element-2ab59d5 elementor-widget elementor-widget-text-editor\" data-id=\"2ab59d5\" data-element_type=\"widget\" data-e-type=\"widget\" data-widget_type=\"text-editor.default\">\n\t\t\t\t<div class=\"elementor-widget-container\">\n\t\t\t\t\t\t\t\t\t<p style=\"text-align: center;\">Seguindo para, o terceiro do volume. Neste aqui, temos um livro que, pode parecer mais&#8230; obscuro. E de fato, tem algumas hist\u00f3rias que podem parecer um pouco mais dr\u00e1sticos talvez&#8230; Mas a decis\u00e3o final das coisas, geralmente n\u00e3o \u00e9 nossa.<\/p>\t\t\t\t\t\t\t\t<\/div>\n\t\t\t\t<\/div>\n\t\t\t\t\t<\/div>\n\t\t<\/div>\n\t\t\t\t\t<\/div>\n\t\t<\/section>\n\t\t\t\t<section class=\"elementor-section elementor-top-section elementor-element elementor-element-a7e0945 elementor-section-boxed elementor-section-height-default elementor-section-height-default\" data-id=\"a7e0945\" data-element_type=\"section\" data-e-type=\"section\" data-settings=\"{&quot;background_background&quot;:&quot;classic&quot;}\">\n\t\t\t\t\t\t<div class=\"elementor-container elementor-column-gap-default\">\n\t\t\t\t\t<div class=\"elementor-column elementor-col-100 elementor-top-column elementor-element elementor-element-c5bb990\" data-id=\"c5bb990\" data-element_type=\"column\" data-e-type=\"column\">\n\t\t\t<div class=\"elementor-widget-wrap elementor-element-populated\">\n\t\t\t\t\t\t<section class=\"elementor-section elementor-inner-section elementor-element elementor-element-4ac9645 elementor-section-boxed elementor-section-height-default elementor-section-height-default\" data-id=\"4ac9645\" data-element_type=\"section\" data-e-type=\"section\">\n\t\t\t\t\t\t<div class=\"elementor-container elementor-column-gap-default\">\n\t\t\t\t\t<div class=\"elementor-column elementor-col-50 elementor-inner-column elementor-element elementor-element-9cfa0bc\" data-id=\"9cfa0bc\" data-element_type=\"column\" data-e-type=\"column\">\n\t\t\t<div class=\"elementor-widget-wrap elementor-element-populated\">\n\t\t\t\t\t\t<div class=\"elementor-element elementor-element-f56f549 elementor-widget elementor-widget-image\" data-id=\"f56f549\" data-element_type=\"widget\" data-e-type=\"widget\" data-widget_type=\"image.default\">\n\t\t\t\t<div class=\"elementor-widget-container\">\n\t\t\t\t\t\t\t\t\t\t\t\t\t\t\t<img decoding=\"async\" width=\"724\" height=\"1024\" src=\"https:\/\/contosdeumlobo.com.br\/wp-content\/uploads\/2019\/01\/capa-volume-3.png\" class=\"attachment-large size-large wp-image-1940\" alt=\"\" srcset=\"https:\/\/contosdeumlobo.com.br\/wp-content\/uploads\/2019\/01\/capa-volume-3.png 1810w, https:\/\/contosdeumlobo.com.br\/wp-content\/uploads\/2019\/01\/capa-volume-3-600x849.png 600w\" sizes=\"(max-width: 724px) 100vw, 724px\" \/>\t\t\t\t\t\t\t\t\t\t\t\t\t\t\t<\/div>\n\t\t\t\t<\/div>\n\t\t\t\t<div class=\"elementor-element elementor-element-beee166 elementor-widget elementor-widget-text-editor\" data-id=\"beee166\" data-element_type=\"widget\" data-e-type=\"widget\" data-widget_type=\"text-editor.default\">\n\t\t\t\t<div class=\"elementor-widget-container\">\n\t\t\t\t\t\t\t\t\t<p style=\"text-align: center;\">Todos os contos est\u00e3o disponiveis para leitura em vers\u00e3o preliminar, n\u00e3o editado, no Wattpad, fique \u00e0 vontade para dar uma olhada clicando a baixo, ou nos contos em destaque ao lado \ud83d\ude09\u00a0<\/p>\t\t\t\t\t\t\t\t<\/div>\n\t\t\t\t<\/div>\n\t\t\t\t<div class=\"elementor-element elementor-element-c146622 elementor-align-center elementor-button-success elementor-widget elementor-widget-button\" data-id=\"c146622\" data-element_type=\"widget\" data-e-type=\"widget\" data-widget_type=\"button.default\">\n\t\t\t\t<div class=\"elementor-widget-container\">\n\t\t\t\t\t\t\t\t\t<div class=\"elementor-button-wrapper\">\n\t\t\t\t\t<a class=\"elementor-button elementor-button-link elementor-size-sm\" href=\"https:\/\/www.amazon.com.br\/dp\/B0D1ZSPCMB\">\n\t\t\t\t\t\t<span class=\"elementor-button-content-wrapper\">\n\t\t\t\t\t\t<span class=\"elementor-button-icon\">\n\t\t\t\t<i aria-hidden=\"true\" class=\"fas fa-book\"><\/i>\t\t\t<\/span>\n\t\t\t\t\t\t\t\t\t<span class=\"elementor-button-text\">Comprar na Amazon!<\/span>\n\t\t\t\t\t<\/span>\n\t\t\t\t\t<\/a>\n\t\t\t\t<\/div>\n\t\t\t\t\t\t\t\t<\/div>\n\t\t\t\t<\/div>\n\t\t\t\t\t<\/div>\n\t\t<\/div>\n\t\t\t\t<div class=\"elementor-column elementor-col-50 elementor-inner-column elementor-element elementor-element-2225171\" data-id=\"2225171\" data-element_type=\"column\" data-e-type=\"column\">\n\t\t\t<div class=\"elementor-widget-wrap elementor-element-populated\">\n\t\t\t\t\t\t<div class=\"elementor-element elementor-element-dc1c12c elementor-widget elementor-widget-text-editor\" data-id=\"dc1c12c\" data-element_type=\"widget\" data-e-type=\"widget\" data-widget_type=\"text-editor.default\">\n\t\t\t\t<div class=\"elementor-widget-container\">\n\t\t\t\t\t\t\t\t\t<h5><span style=\"color: #999999;\"><u>Por que o nome Hist\u00f3rias de Vidas Paralelas?<\/u><\/span><\/h5><div>Simplesmente porque, ele ir\u00e1 contar aquilo que viu, viveu e acompanhou, de alguma forma, da vida dos outros, enquanto ainda estava ou esta, envolvido de alguma maneira, ou nao.<br \/>Se voc\u00ea olha bem para imagem, poder\u00e1 ver ele, olhando voc\u00ea mas, n\u00e3o se assuste, ele esta apenas olhando.<\/div><div>\u00a0<\/div><p>Ilustra\u00e7\u00e3o Oficial por: <b>[Estou definindo ainda!]<\/b><\/p><div>\u00a0<\/div><p><b>Lista de Contos:<\/b><\/p><ul><li><b>&#8211;\u00a0<\/b><i>Parecidos N\u00e3o Iguais<\/i><\/li><li><strong>&#8211; <\/strong><i>Mem\u00f3rias n\u00e3o Lembran\u00e7as<\/i><ul><li>\u00a0 -&gt;\u00a0Parte 1<\/li><li>\u00a0 -&gt;\u00a0Parte 2<\/li><\/ul><\/li><li><b>&#8211;\u00a0<\/b><i>O Dever Sempre Chama<\/i><\/li><li><strong>&#8211; <i>A Floresta Vermelha<\/i><\/strong><ul><li>\u00a0 -&gt;\u00a0Parte 1<\/li><li>\u00a0 -&gt;\u00a0Parte 2<\/li><li>\u00a0 -&gt;\u00a0Parte 3 \u2013 Final<\/li><\/ul><\/li><li><strong>&#8211; <i>Tempo de Uma Amizade<\/i><\/strong><ul><li>\u00a0 -&gt; Parte 1<\/li><li>\u00a0 -&gt; Parte 2 \u2013 Final<\/li><\/ul><\/li><li><strong>&#8211; <\/strong><i>O Casamento<\/i><ul><li>\u00a0 -&gt; Parte 1<\/li><li>\u00a0 -&gt; Parte 2<\/li><li>\u00a0 -&gt; Parte 3 &#8211; Final<\/li><li>\u00a0<\/li><\/ul><\/li><\/ul><p><strong>Dedicados:<\/strong><\/p><ul><li><b>&#8211; <\/b><i>Carta a Um Anjo<\/i><\/li><li><strong>&#8211; <\/strong><i>\u201cCoisas\u201d<\/i><\/li><li><b>&#8211; <\/b><i>Desastres \u201cNaturais\u201d<\/i><\/li><\/ul>\t\t\t\t\t\t\t\t<\/div>\n\t\t\t\t<\/div>\n\t\t\t\t\t<\/div>\n\t\t<\/div>\n\t\t\t\t\t<\/div>\n\t\t<\/section>\n\t\t\t\t\t<\/div>\n\t\t<\/div>\n\t\t\t\t\t<\/div>\n\t\t<\/section>\n\t\t\t\t<section class=\"elementor-section elementor-top-section elementor-element elementor-element-33eb122 elementor-section-full_width elementor-section-height-default elementor-section-height-default\" data-id=\"33eb122\" data-element_type=\"section\" data-e-type=\"section\">\n\t\t\t\t\t\t<div class=\"elementor-container elementor-column-gap-default\">\n\t\t\t\t\t<div class=\"elementor-column elementor-col-100 elementor-top-column elementor-element elementor-element-ed9cdd8\" data-id=\"ed9cdd8\" data-element_type=\"column\" data-e-type=\"column\" data-settings=\"{&quot;background_background&quot;:&quot;classic&quot;}\">\n\t\t\t<div class=\"elementor-widget-wrap elementor-element-populated\">\n\t\t\t\t\t\t<div class=\"elementor-element elementor-element-4b383d2 elementor-widget-divider--view-line elementor-widget elementor-widget-divider\" data-id=\"4b383d2\" data-element_type=\"widget\" data-e-type=\"widget\" data-widget_type=\"divider.default\">\n\t\t\t\t<div class=\"elementor-widget-container\">\n\t\t\t\t\t\t\t<div class=\"elementor-divider\">\n\t\t\t<span class=\"elementor-divider-separator\">\n\t\t\t\t\t\t<\/span>\n\t\t<\/div>\n\t\t\t\t\t\t<\/div>\n\t\t\t\t<\/div>\n\t\t\t\t\t<\/div>\n\t\t<\/div>\n\t\t\t\t\t<\/div>\n\t\t<\/section>\n\t\t\t\t<section class=\"elementor-section elementor-top-section elementor-element elementor-element-78f8e05 elementor-section-boxed elementor-section-height-default elementor-section-height-default\" data-id=\"78f8e05\" data-element_type=\"section\" data-e-type=\"section\" data-settings=\"{&quot;background_background&quot;:&quot;classic&quot;}\">\n\t\t\t\t\t\t<div class=\"elementor-container elementor-column-gap-default\">\n\t\t\t\t\t<div class=\"elementor-column elementor-col-100 elementor-top-column elementor-element elementor-element-a2422e6\" data-id=\"a2422e6\" data-element_type=\"column\" data-e-type=\"column\">\n\t\t\t<div class=\"elementor-widget-wrap elementor-element-populated\">\n\t\t\t\t\t\t<div class=\"elementor-element elementor-element-eb06746 elementor-widget elementor-widget-heading\" data-id=\"eb06746\" data-element_type=\"widget\" data-e-type=\"widget\" data-widget_type=\"heading.default\">\n\t\t\t\t<div class=\"elementor-widget-container\">\n\t\t\t\t\t<h2 class=\"elementor-heading-title elementor-size-large\">Sinospe? Temos! 2026 chegou trazendo ela!<\/h2>\t\t\t\t<\/div>\n\t\t\t\t<\/div>\n\t\t\t\t\t<\/div>\n\t\t<\/div>\n\t\t\t\t\t<\/div>\n\t\t<\/section>\n\t\t\t\t<section class=\"elementor-section elementor-top-section elementor-element elementor-element-2d922b0 elementor-section-boxed elementor-section-height-default elementor-section-height-default\" data-id=\"2d922b0\" data-element_type=\"section\" data-e-type=\"section\" data-settings=\"{&quot;background_background&quot;:&quot;classic&quot;}\">\n\t\t\t\t\t\t\t<div class=\"elementor-background-overlay\"><\/div>\n\t\t\t\t\t\t\t<div class=\"elementor-container elementor-column-gap-default\">\n\t\t\t\t\t<div class=\"elementor-column elementor-col-100 elementor-top-column elementor-element elementor-element-5ca9df0\" data-id=\"5ca9df0\" data-element_type=\"column\" data-e-type=\"column\">\n\t\t\t<div class=\"elementor-widget-wrap elementor-element-populated\">\n\t\t\t\t\t\t<div class=\"elementor-element elementor-element-623cd28 elementor-widget elementor-widget-text-editor\" data-id=\"623cd28\" data-element_type=\"widget\" data-e-type=\"widget\" data-widget_type=\"text-editor.default\">\n\t\t\t\t<div class=\"elementor-widget-container\">\n\t\t\t\t\t\t\t\t\t<p><span style=\"color: #ffffff;\">O Volume 3 de Contos de Um Lobo na Cidade fala de hist\u00f3rias de vidas paralelas que acontecem lado a lado, mas nunca se tocam por inteiro. Aqui, viver passa a ser um fardo. Tudo o que foi vivido at\u00e9 agora pode trazer felicidade \u2014 e ao mesmo tempo o peso de carregar mem\u00f3rias, escolhas e perdas. Junto e misturado. Doendo ou n\u00e3o. Continuar vivendo e existindo se torna dif\u00edcil quando nada parece seguir o esperado. E mesmo assim, ele continua andando pela cidade at\u00e9 onde lhe for permitido.<\/span><\/p>\t\t\t\t\t\t\t\t<\/div>\n\t\t\t\t<\/div>\n\t\t\t\t\t<\/div>\n\t\t<\/div>\n\t\t\t\t\t<\/div>\n\t\t<\/section>\n\t\t\t\t<section class=\"elementor-section elementor-top-section elementor-element elementor-element-0f19b40 elementor-section-full_width elementor-section-height-default elementor-section-height-default\" data-id=\"0f19b40\" data-element_type=\"section\" data-e-type=\"section\">\n\t\t\t\t\t\t<div class=\"elementor-container elementor-column-gap-default\">\n\t\t\t\t\t<div class=\"elementor-column elementor-col-100 elementor-top-column elementor-element elementor-element-f7d58f8\" data-id=\"f7d58f8\" data-element_type=\"column\" data-e-type=\"column\" data-settings=\"{&quot;background_background&quot;:&quot;classic&quot;}\">\n\t\t\t<div class=\"elementor-widget-wrap elementor-element-populated\">\n\t\t\t\t\t\t<div class=\"elementor-element elementor-element-2b2405a elementor-widget-divider--view-line elementor-widget elementor-widget-divider\" data-id=\"2b2405a\" data-element_type=\"widget\" data-e-type=\"widget\" data-widget_type=\"divider.default\">\n\t\t\t\t<div class=\"elementor-widget-container\">\n\t\t\t\t\t\t\t<div class=\"elementor-divider\">\n\t\t\t<span class=\"elementor-divider-separator\">\n\t\t\t\t\t\t<\/span>\n\t\t<\/div>\n\t\t\t\t\t\t<\/div>\n\t\t\t\t<\/div>\n\t\t\t\t\t<\/div>\n\t\t<\/div>\n\t\t\t\t\t<\/div>\n\t\t<\/section>\n\t\t\t\t<section class=\"elementor-section elementor-top-section elementor-element elementor-element-569fa0e elementor-section-boxed elementor-section-height-default elementor-section-height-default\" data-id=\"569fa0e\" data-element_type=\"section\" data-e-type=\"section\" data-settings=\"{&quot;background_background&quot;:&quot;classic&quot;}\">\n\t\t\t\t\t\t<div class=\"elementor-container elementor-column-gap-default\">\n\t\t\t\t\t<div class=\"elementor-column elementor-col-100 elementor-top-column elementor-element elementor-element-c1721cd\" data-id=\"c1721cd\" data-element_type=\"column\" data-e-type=\"column\">\n\t\t\t<div class=\"elementor-widget-wrap elementor-element-populated\">\n\t\t\t\t\t\t<div class=\"elementor-element elementor-element-c8f1deb elementor-widget elementor-widget-heading\" data-id=\"c8f1deb\" data-element_type=\"widget\" data-e-type=\"widget\" data-widget_type=\"heading.default\">\n\t\t\t\t<div class=\"elementor-widget-container\">\n\t\t\t\t\t<h2 class=\"elementor-heading-title elementor-size-large\">Imagem Interna de Destaque.<br><br>Ainda n\u00e3o escolhi um artista para criar ela, mas ter\u00e1 uma, com certeza \ud83d\ude09 <\/h2>\t\t\t\t<\/div>\n\t\t\t\t<\/div>\n\t\t\t\t\t<\/div>\n\t\t<\/div>\n\t\t\t\t\t<\/div>\n\t\t<\/section>\n\t\t\t\t<section class=\"elementor-section elementor-top-section elementor-element elementor-element-2ab56cd elementor-section-full_width elementor-section-height-default elementor-section-height-default\" data-id=\"2ab56cd\" data-element_type=\"section\" data-e-type=\"section\">\n\t\t\t\t\t\t<div class=\"elementor-container elementor-column-gap-default\">\n\t\t\t\t\t<div class=\"elementor-column elementor-col-100 elementor-top-column elementor-element elementor-element-aace2e6\" data-id=\"aace2e6\" data-element_type=\"column\" data-e-type=\"column\" data-settings=\"{&quot;background_background&quot;:&quot;classic&quot;}\">\n\t\t\t<div class=\"elementor-widget-wrap elementor-element-populated\">\n\t\t\t\t\t\t<div class=\"elementor-element elementor-element-d9f6eeb elementor-widget-divider--view-line elementor-widget elementor-widget-divider\" data-id=\"d9f6eeb\" data-element_type=\"widget\" data-e-type=\"widget\" data-widget_type=\"divider.default\">\n\t\t\t\t<div class=\"elementor-widget-container\">\n\t\t\t\t\t\t\t<div class=\"elementor-divider\">\n\t\t\t<span class=\"elementor-divider-separator\">\n\t\t\t\t\t\t<\/span>\n\t\t<\/div>\n\t\t\t\t\t\t<\/div>\n\t\t\t\t<\/div>\n\t\t\t\t\t<\/div>\n\t\t<\/div>\n\t\t\t\t\t<\/div>\n\t\t<\/section>\n\t\t\t\t<\/div>\n\t\t","protected":false},"excerpt":{"rendered":"<p>&#082;&#036;5.00 Capa Idealizada pelo Autor Ler no wattpad &#8211; Clique-me \ud83d\ude09 Contos de Um Lobo na Cidade &#8211; Vol. 3 Aquele desejo que eu n\u00e3o tive escolha&#8230; Eu preferiria&#8230; Talvez&#8230; Ou n\u00e3o&#8230; Mas a decis\u00e3o final, n\u00e3o foi minha&#8230; Desse Desastre Lobo&#8230;Este livro com certeza vai te levar a conhecer muitas vidas.Muitas hist\u00f3rias paralelas que&#8230;<\/p>","protected":false},"author":1,"featured_media":1541,"parent":69,"menu_order":3,"comment_status":"closed","ping_status":"closed","template":"elementor_header_footer","meta":{"footnotes":""},"class_list":["post-44","page","type-page","status-publish","has-post-thumbnail","hentry"],"_links":{"self":[{"href":"https:\/\/contosdeumlobo.com.br\/en\/wp-json\/wp\/v2\/pages\/44","targetHints":{"allow":["GET"]}}],"collection":[{"href":"https:\/\/contosdeumlobo.com.br\/en\/wp-json\/wp\/v2\/pages"}],"about":[{"href":"https:\/\/contosdeumlobo.com.br\/en\/wp-json\/wp\/v2\/types\/page"}],"author":[{"embeddable":true,"href":"https:\/\/contosdeumlobo.com.br\/en\/wp-json\/wp\/v2\/users\/1"}],"replies":[{"embeddable":true,"href":"https:\/\/contosdeumlobo.com.br\/en\/wp-json\/wp\/v2\/comments?post=44"}],"version-history":[{"count":37,"href":"https:\/\/contosdeumlobo.com.br\/en\/wp-json\/wp\/v2\/pages\/44\/revisions"}],"predecessor-version":[{"id":3417,"href":"https:\/\/contosdeumlobo.com.br\/en\/wp-json\/wp\/v2\/pages\/44\/revisions\/3417"}],"up":[{"embeddable":true,"href":"https:\/\/contosdeumlobo.com.br\/en\/wp-json\/wp\/v2\/pages\/69"}],"wp:featuredmedia":[{"embeddable":true,"href":"https:\/\/contosdeumlobo.com.br\/en\/wp-json\/wp\/v2\/media\/1541"}],"wp:attachment":[{"href":"https:\/\/contosdeumlobo.com.br\/en\/wp-json\/wp\/v2\/media?parent=44"}],"curies":[{"name":"wp","href":"https:\/\/api.w.org\/{rel}","templated":true}]}}