{"id":40,"date":"2016-06-08T00:38:36","date_gmt":"2016-06-08T03:38:36","guid":{"rendered":"https:\/\/ferilos.wordpress.com\/?page_id=40"},"modified":"2025-12-31T13:33:27","modified_gmt":"2025-12-31T16:33:27","slug":"contos-de-um-lobo-1","status":"publish","type":"page","link":"https:\/\/contosdeumlobo.com.br\/en\/obras\/contos-de-um-lobo-1\/","title":{"rendered":"Contos de Um Lobo 1"},"content":{"rendered":"<div data-elementor-type=\"wp-page\" data-elementor-id=\"40\" class=\"elementor elementor-40\">\n\t\t\t\t\t\t<section class=\"elementor-section elementor-top-section elementor-element elementor-element-17866808 elementor-section-stretched elementor-section-full_width elementor-section-height-default elementor-section-height-default\" data-id=\"17866808\" data-element_type=\"section\" data-e-type=\"section\" data-settings=\"{&quot;stretch_section&quot;:&quot;section-stretched&quot;}\">\n\t\t\t\t\t\t<div class=\"elementor-container elementor-column-gap-default\">\n\t\t\t\t\t<div class=\"elementor-column elementor-col-100 elementor-top-column elementor-element elementor-element-49b747a6\" data-id=\"49b747a6\" data-element_type=\"column\" data-e-type=\"column\" data-settings=\"{&quot;background_background&quot;:&quot;classic&quot;}\">\n\t\t\t<div class=\"elementor-widget-wrap elementor-element-populated\">\n\t\t\t\t\t\t<div class=\"elementor-element elementor-element-1192a30 elementor-widget elementor-widget-image\" data-id=\"1192a30\" data-element_type=\"widget\" data-e-type=\"widget\" data-widget_type=\"image.default\">\n\t\t\t\t<div class=\"elementor-widget-container\">\n\t\t\t\t\t\t\t\t\t\t\t\t\t\t\t<img fetchpriority=\"high\" decoding=\"async\" width=\"1964\" height=\"770\" src=\"https:\/\/contosdeumlobo.com.br\/wp-content\/uploads\/2019\/06\/capa-3-v-4.png\" class=\"attachment-full size-full wp-image-2214\" alt=\"\" srcset=\"https:\/\/contosdeumlobo.com.br\/wp-content\/uploads\/2019\/06\/capa-3-v-4.png 1964w, https:\/\/contosdeumlobo.com.br\/wp-content\/uploads\/2019\/06\/capa-3-v-4-600x235.png 600w\" sizes=\"(max-width: 1964px) 100vw, 1964px\" \/>\t\t\t\t\t\t\t\t\t\t\t\t\t\t\t<\/div>\n\t\t\t\t<\/div>\n\t\t\t\t<div class=\"elementor-element elementor-element-0e7de9e elementor-widget elementor-widget-heading\" data-id=\"0e7de9e\" data-element_type=\"widget\" data-e-type=\"widget\" data-widget_type=\"heading.default\">\n\t\t\t\t<div class=\"elementor-widget-container\">\n\t\t\t\t\t<span class=\"elementor-heading-title elementor-size-xl\">Contos de Um Lobo na Cidade - Vol. 1<\/span>\t\t\t\t<\/div>\n\t\t\t\t<\/div>\n\t\t\t\t<section class=\"elementor-section elementor-inner-section elementor-element elementor-element-e173acb elementor-section-boxed elementor-section-height-default elementor-section-height-default\" data-id=\"e173acb\" data-element_type=\"section\" data-e-type=\"section\">\n\t\t\t\t\t\t<div class=\"elementor-container elementor-column-gap-default\">\n\t\t\t\t\t<div class=\"elementor-column elementor-col-50 elementor-inner-column elementor-element elementor-element-1671fcf\" data-id=\"1671fcf\" data-element_type=\"column\" data-e-type=\"column\">\n\t\t\t<div class=\"elementor-widget-wrap elementor-element-populated\">\n\t\t\t\t\t\t<div class=\"elementor-element elementor-element-32945f4 elementor-widget elementor-widget-image\" data-id=\"32945f4\" data-element_type=\"widget\" data-e-type=\"widget\" data-widget_type=\"image.default\">\n\t\t\t\t<div class=\"elementor-widget-container\">\n\t\t\t\t\t\t\t\t\t\t\t\t\t\t\t<img decoding=\"async\" width=\"606\" height=\"909\" src=\"https:\/\/contosdeumlobo.com.br\/wp-content\/uploads\/2017\/10\/22237369_1950568745210314_424840216_n.png\" class=\"attachment-large size-large wp-image-1048\" alt=\"\" srcset=\"https:\/\/contosdeumlobo.com.br\/wp-content\/uploads\/2017\/10\/22237369_1950568745210314_424840216_n.png 606w, https:\/\/contosdeumlobo.com.br\/wp-content\/uploads\/2017\/10\/22237369_1950568745210314_424840216_n-200x300.png 200w\" sizes=\"(max-width: 606px) 100vw, 606px\" \/>\t\t\t\t\t\t\t\t\t\t\t\t\t\t\t<\/div>\n\t\t\t\t<\/div>\n\t\t\t\t<div class=\"elementor-element elementor-element-4e641a2 elementor-widget elementor-widget-text-editor\" data-id=\"4e641a2\" data-element_type=\"widget\" data-e-type=\"widget\" data-widget_type=\"text-editor.default\">\n\t\t\t\t<div class=\"elementor-widget-container\">\n\t\t\t\t\t\t\t\t\t<p style=\"text-align: center;\"><span style=\"color: #e6e6e6;\">Todos os contos possuem uma ilustra\u00e7\u00e3o espec\u00edfica no livro!<\/span><\/p><p style=\"text-align: center;\"><span style=\"color: #e6e6e6;\">Link para compra agora pela editora PenDragon! Fiquem \u00e0 vontade! \ud83d\ude00<\/span><\/p>\t\t\t\t\t\t\t\t<\/div>\n\t\t\t\t<\/div>\n\t\t\t\t<div class=\"elementor-element elementor-element-85fab16 elementor-button-success elementor-align-center elementor-widget elementor-widget-button\" data-id=\"85fab16\" data-element_type=\"widget\" data-e-type=\"widget\" data-widget_type=\"button.default\">\n\t\t\t\t<div class=\"elementor-widget-container\">\n\t\t\t\t\t\t\t\t\t<div class=\"elementor-button-wrapper\">\n\t\t\t\t\t<a class=\"elementor-button elementor-button-link elementor-size-sm\" href=\"https:\/\/www.amazon.com.br\/dp\/B01D9FBGFA\" target=\"_blank\">\n\t\t\t\t\t\t<span class=\"elementor-button-content-wrapper\">\n\t\t\t\t\t\t\t\t\t<span class=\"elementor-button-text\">Comprar na Amazon!<\/span>\n\t\t\t\t\t<\/span>\n\t\t\t\t\t<\/a>\n\t\t\t\t<\/div>\n\t\t\t\t\t\t\t\t<\/div>\n\t\t\t\t<\/div>\n\t\t\t\t\t<\/div>\n\t\t<\/div>\n\t\t\t\t<div class=\"elementor-column elementor-col-50 elementor-inner-column elementor-element elementor-element-80acd4e\" data-id=\"80acd4e\" data-element_type=\"column\" data-e-type=\"column\">\n\t\t\t<div class=\"elementor-widget-wrap elementor-element-populated\">\n\t\t\t\t\t\t<div class=\"elementor-element elementor-element-7cfd2ee elementor-widget elementor-widget-text-editor\" data-id=\"7cfd2ee\" data-element_type=\"widget\" data-e-type=\"widget\" data-widget_type=\"text-editor.default\">\n\t\t\t\t<div class=\"elementor-widget-container\">\n\t\t\t\t\t\t\t\t\t<p style=\"font-style: normal; font-variant-ligatures: normal; font-variant-caps: normal; font-family: Roboto, sans-serif;\"><span style=\"color: #e6e6e6;\">Primeiro Volume de uma s\u00e9rio de livros que est\u00e1 contando v\u00e1rias aventuras de um lobo, n\u00e3o s\u00f3 dele, pelos mundos \u00e0 fora.<\/span><\/p><p style=\"font-style: normal; font-variant-ligatures: normal; font-variant-caps: normal; font-family: Roboto, sans-serif;\"><span style=\"color: #e6e6e6;\">Ilustra\u00e7\u00e3o Oficial dos Contos pela\u00a0<a style=\"color: #e6e6e6;\" href=\"https:\/\/www.deviantart.com\/skrieck\">Sheila Krieck<\/a>! \ud83d\ude09<\/span><\/p><p style=\"font-style: normal; font-variant-ligatures: normal; font-variant-caps: normal; font-family: Roboto, sans-serif;\"><span style=\"color: #e6e6e6;\">Obrigado! &lt;3\u00a0<\/span><\/p><p style=\"font-style: normal; font-variant-ligatures: normal; font-variant-caps: normal; font-family: Roboto, sans-serif;\"><span style=\"color: #e6e6e6;\"><strong>Lista de contos:<\/strong><\/span><\/p><ul style=\"font-style: normal; font-variant-ligatures: normal; font-variant-caps: normal; font-weight: 400; font-size: 18px; font-family: Roboto, sans-serif;\"><li>&#8211;\u00a0<a href=\"https:\/\/www.wattpad.com\/234263138-contos-de-um-lobo-na-cidade-vol-1-a-bola-perdida\">A Bola Perdida<\/a>\u00a0<span style=\"color: #e6e6e6;\">&lt;-\u00a0<span style=\"font-size: 16px; font-weight: 400;\">Click me e<\/span><span style=\"font-size: 16px; font-weight: bold;\">\u00a0<\/span><span style=\"font-size: 16px; font-weight: 400;\">Leia no Wattapad este Conto<\/span><\/span><\/li><li>&#8211;\u00a0<a href=\"https:\/\/www.wattpad.com\/234271165-contos-de-um-lobo-na-cidade-vol-1-sonhando\">&#8220;Sonhando&#8221;<\/a> <span style=\"color: #e6e6e6;\">&lt;<span style=\"font-weight: bold;\">&#8211;\u00a0<\/span>Click me e<span style=\"font-weight: bold;\">\u00a0<\/span>Leia no<\/span> <span style=\"color: #e6e6e6;\">Wattapad este Conto<\/span><\/li><li><span style=\"color: #e6e6e6;\">&#8211; 3 Cenas\u00a0&#8211; Cena 1<\/span><\/li><li><span style=\"color: #e6e6e6;\">&#8211; Cena 2<\/span><\/li><li><span style=\"color: #e6e6e6;\">&#8211; Cena 3 &#8211; &#8220;Final&#8221;<\/span><\/li><li><span style=\"color: #e6e6e6;\">&#8211;\u00a0<span style=\"text-decoration: underline;\"><span style=\"font-weight: bold;\">Diferen\u00e7a entre Sonho e Realidade<\/span><\/span><\/span><\/li><li><span style=\"color: #e6e6e6;\">&#8211;\u00a0<span style=\"text-decoration: underline;\"><span style=\"font-weight: bold;\">O Circo dos Palha\u00e7os Pulantes<\/span><\/span><\/span><\/li><li><span style=\"color: #e6e6e6;\">&#8211;\u00a0<span style=\"text-decoration: underline;\"><span style=\"font-weight: bold;\">Uma Tarde de Inverno em Plena Primavera<\/span><\/span><\/span><\/li><li><span style=\"color: #e6e6e6;\">&#8211;\u00a0<span style=\"text-decoration: underline;\"><span style=\"font-weight: bold;\">Mais Um Concerto<\/span><\/span><\/span><\/li><li><span style=\"color: #e6e6e6;\">&#8211;\u00a0<span style=\"text-decoration: underline;\"><span style=\"font-weight: bold;\">Um Belo Sonho<\/span><\/span><\/span><\/li><li><span style=\"color: #e6e6e6;\">&#8211;\u00a0<span style=\"text-decoration: underline;\"><span style=\"font-weight: bold;\">Sonhos de Uma Noite<\/span><\/span><\/span><\/li><li><span style=\"color: #e6e6e6;\">&#8211;\u00a0<span style=\"text-decoration: underline;\"><span style=\"font-weight: bold;\">Um Corrida no Reino de Wanttz<\/span><\/span>\u00a0&#8211; Parte 1 &#8211; O reconhecimento do Lugar<\/span><\/li><li><span style=\"color: #e6e6e6;\">&#8211; Parte 2 &#8211; Vencedores S\u00e3o Aqueles que Sabem Reconhecer a sua Derrota<\/span><\/li><li><span style=\"color: #e6e6e6;\">&#8211; Parte 3 &#8211; Final &#8211; O Vencedor \u00e9&#8230;.?<\/span><\/li><li><span style=\"color: #e6e6e6;\">&#8211;\u00a0<span style=\"text-decoration: underline;\"><span style=\"font-weight: bold;\">Pesadelos do Cora\u00e7\u00e3o<\/span><\/span><\/span><\/li><li><span style=\"font-weight: bold;\">\u00a0<\/span><\/li><\/ul><ul style=\"font-style: normal; font-variant-ligatures: normal; font-variant-caps: normal; font-weight: 400; font-size: 18px; font-family: Roboto, sans-serif;\"><li>\u00a0<\/li><\/ul><h2 style=\"font-style: normal; font-variant-ligatures: normal; font-variant-caps: normal; font-family: Roboto, sans-serif;\"><span style=\"color: #e6e6e6;\"><u><b>Contos Dedicados\u00a0<\/b><\/u><\/span><\/h2><ul><li><span style=\"color: #e6e6e6;\">&#8211; Momento de Reprise<\/span><\/li><li><span style=\"color: #e6e6e6;\">&#8211; Branco Mais Branco &#8211; Continua\u00e7\u00e3o de Momentos de Reprise<\/span><\/li><li><span style=\"color: #e6e6e6;\">&#8211; Ca\u00e7ando a Noite<\/span><\/li><li><span style=\"color: #e6e6e6;\">&#8211; P\u00f4r-do-Sol<\/span><\/li><li>&#8211;\u00a0<a href=\"https:\/\/www.wattpad.com\/234769956-contos-de-um-lobo-na-cidade-vol-1-miraculoso-mundo\">Miraculoso Mundo<\/a>\u00a0<span style=\"color: #e6e6e6;\">&lt;-\u00a0Click me e Leia no Wattapad este Conto<\/span><\/li><li><span style=\"color: #e6e6e6;\">&#8211; O N\u00famero Dois &#8211; Continua\u00e7\u00e3o de Ca\u00e7ando a Noite<\/span><\/li><li>&#8211;\u00a0<a href=\"https:\/\/www.wattpad.com\/234775136-contos-de-um-lobo-na-cidade-vol-1-ignis\">Ignis<\/a>\u00a0<span style=\"color: #e6e6e6;\">&#8211; (Baseado em Clip) &lt;-\u00a0Click me e Leia no Wattapad este Conto<\/span><\/li><\/ul><div>\u00a0<\/div>\t\t\t\t\t\t\t\t<\/div>\n\t\t\t\t<\/div>\n\t\t\t\t\t<\/div>\n\t\t<\/div>\n\t\t\t\t\t<\/div>\n\t\t<\/section>\n\t\t\t\t<div class=\"elementor-element elementor-element-2060c24 elementor-widget-divider--view-line elementor-widget elementor-widget-divider\" data-id=\"2060c24\" data-element_type=\"widget\" data-e-type=\"widget\" data-widget_type=\"divider.default\">\n\t\t\t\t<div class=\"elementor-widget-container\">\n\t\t\t\t\t\t\t<div class=\"elementor-divider\">\n\t\t\t<span class=\"elementor-divider-separator\">\n\t\t\t\t\t\t<\/span>\n\t\t<\/div>\n\t\t\t\t\t\t<\/div>\n\t\t\t\t<\/div>\n\t\t\t\t<div class=\"elementor-element elementor-element-fd53f73 elementor-widget elementor-widget-heading\" data-id=\"fd53f73\" data-element_type=\"widget\" data-e-type=\"widget\" data-widget_type=\"heading.default\">\n\t\t\t\t<div class=\"elementor-widget-container\">\n\t\t\t\t\t<span class=\"elementor-heading-title elementor-size-xl\">Um gostinho? Segue a Sinopse \ud83d\ude09<\/span>\t\t\t\t<\/div>\n\t\t\t\t<\/div>\n\t\t\t\t<div class=\"elementor-element elementor-element-184817d elementor-widget elementor-widget-text-editor\" data-id=\"184817d\" data-element_type=\"widget\" data-e-type=\"widget\" data-widget_type=\"text-editor.default\">\n\t\t\t\t<div class=\"elementor-widget-container\">\n\t\t\t\t\t\t\t\t\t<p style=\"text-align: center;\">Voc\u00ea j\u00e1 parou para ler hoje? Ver as luzes que existem ao redor? Cada ponto brilhante no limiar da sua cidade? Contos de um lobo na cidade \u00e9 uma s\u00e9rie de hist\u00f3rias que n\u00e3o tem conex\u00e3o entre si, mas&#8230;<\/p><p style=\"text-align: center;\">O Personagem principal \u00e9 um Lobo em corpo de homem, geralmente andando na cidade em que nasceu e cresceu como homem. Infelizmente, ser um lobo numa cidade humana n\u00e3o \u00e9 nada agrad\u00e1vel, principalmente, quando se pode ver, ouvir e interagir com todo tipo de ser, n\u00e3o s\u00f3 humanos, se \u00e9 que voc\u00ea me entende.<\/p><p style=\"text-align: center;\">Me acompanhe nesta viagem e descubra voc\u00ea mesmo os mist\u00e9rios ao seu redor.<\/p>\t\t\t\t\t\t\t\t<\/div>\n\t\t\t\t<\/div>\n\t\t\t\t\t<\/div>\n\t\t<\/div>\n\t\t\t\t\t<\/div>\n\t\t<\/section>\n\t\t\t\t<section class=\"elementor-section elementor-top-section elementor-element elementor-element-5937965 elementor-section-full_width elementor-section-height-default elementor-section-height-default\" data-id=\"5937965\" data-element_type=\"section\" data-e-type=\"section\">\n\t\t\t\t\t\t<div class=\"elementor-container elementor-column-gap-default\">\n\t\t\t\t\t<div class=\"elementor-column elementor-col-100 elementor-top-column elementor-element elementor-element-1c00312\" data-id=\"1c00312\" data-element_type=\"column\" data-e-type=\"column\" data-settings=\"{&quot;background_background&quot;:&quot;classic&quot;}\">\n\t\t\t<div class=\"elementor-widget-wrap elementor-element-populated\">\n\t\t\t\t\t\t<section class=\"elementor-section elementor-inner-section elementor-element elementor-element-b24085e elementor-section-full_width elementor-section-height-default elementor-section-height-default\" data-id=\"b24085e\" data-element_type=\"section\" data-e-type=\"section\">\n\t\t\t\t\t\t<div class=\"elementor-container elementor-column-gap-default\">\n\t\t\t\t\t<div class=\"elementor-column elementor-col-50 elementor-inner-column elementor-element elementor-element-2103523\" data-id=\"2103523\" data-element_type=\"column\" data-e-type=\"column\">\n\t\t\t<div class=\"elementor-widget-wrap elementor-element-populated\">\n\t\t\t\t\t\t<div class=\"elementor-element elementor-element-ba224ce elementor-widget elementor-widget-image\" data-id=\"ba224ce\" data-element_type=\"widget\" data-e-type=\"widget\" data-widget_type=\"image.default\">\n\t\t\t\t<div class=\"elementor-widget-container\">\n\t\t\t\t\t\t\t\t\t\t\t\t\t\t\t<img decoding=\"async\" width=\"1028\" height=\"475\" src=\"https:\/\/contosdeumlobo.com.br\/wp-content\/uploads\/2016\/06\/banner.png\" class=\"attachment-1536x1536 size-1536x1536 wp-image-14\" alt=\"\" srcset=\"https:\/\/contosdeumlobo.com.br\/wp-content\/uploads\/2016\/06\/banner.png 1028w, https:\/\/contosdeumlobo.com.br\/wp-content\/uploads\/2016\/06\/banner-300x139.png 300w, https:\/\/contosdeumlobo.com.br\/wp-content\/uploads\/2016\/06\/banner-768x355.png 768w, https:\/\/contosdeumlobo.com.br\/wp-content\/uploads\/2016\/06\/banner-1024x473.png 1024w, https:\/\/contosdeumlobo.com.br\/wp-content\/uploads\/2016\/06\/banner-676x312.png 676w\" sizes=\"(max-width: 1028px) 100vw, 1028px\" \/>\t\t\t\t\t\t\t\t\t\t\t\t\t\t\t<\/div>\n\t\t\t\t<\/div>\n\t\t\t\t\t<\/div>\n\t\t<\/div>\n\t\t\t\t<div class=\"elementor-column elementor-col-50 elementor-inner-column elementor-element elementor-element-ee7fd28\" data-id=\"ee7fd28\" data-element_type=\"column\" data-e-type=\"column\">\n\t\t\t<div class=\"elementor-widget-wrap elementor-element-populated\">\n\t\t\t\t\t\t<div class=\"elementor-element elementor-element-06b57d0 elementor-widget elementor-widget-heading\" data-id=\"06b57d0\" data-element_type=\"widget\" data-e-type=\"widget\" data-widget_type=\"heading.default\">\n\t\t\t\t<div class=\"elementor-widget-container\">\n\t\t\t\t\t<h2 class=\"elementor-heading-title elementor-size-large\">Notas do autor:<\/h2>\t\t\t\t<\/div>\n\t\t\t\t<\/div>\n\t\t\t\t<div class=\"elementor-element elementor-element-894b5d8 elementor-widget elementor-widget-text-editor\" data-id=\"894b5d8\" data-element_type=\"widget\" data-e-type=\"widget\" data-widget_type=\"text-editor.default\">\n\t\t\t\t<div class=\"elementor-widget-container\">\n\t\t\t\t\t\t\t\t\t<div><div>Sobre o &#8220;Contos de Um Lobo na Cidade&#8221; Vol. 1, trata-se de uma colet\u00e2nea de hist\u00f3rias escritas por mim, e n\u00e3o necessariamente para mim e sim, para outras pessoas.<\/div><div>Pessoas que necessitam de hist\u00f3rias na vida para lhe guiar nesse mundo cheio de armadilhas onde, s\u00f3 o fato de voc\u00ea poder viver, j\u00e1 \u00e9 em si, uma armadilha dif\u00edcil de escapar.<\/div><div>Fantasia faz o mundo ser menos cinza, e pode encher o seu peito de sentimentos e cores, sentidos e emo\u00e7\u00f5es que podem te dar uma nova for\u00e7a para continuar a batalhar, todo santo e aben\u00e7oado (pelo que voc\u00ea acreditar), um melhor dia.<\/div><div>A cidade de pedra tem l\u00e1 a suas luzes, eu posso lhe garantir, o problema todo \u00e9:<\/div><div>Voc\u00ea ir\u00e1 conseguir sentir? Ver ou ouvir?<\/div><\/div>\t\t\t\t\t\t\t\t<\/div>\n\t\t\t\t<\/div>\n\t\t\t\t\t<\/div>\n\t\t<\/div>\n\t\t\t\t\t<\/div>\n\t\t<\/section>\n\t\t\t\t\t<\/div>\n\t\t<\/div>\n\t\t\t\t\t<\/div>\n\t\t<\/section>\n\t\t\t\t<section class=\"elementor-section elementor-top-section elementor-element elementor-element-3fc6f72 elementor-section-stretched elementor-section-full_width elementor-section-height-default elementor-section-height-default\" data-id=\"3fc6f72\" data-element_type=\"section\" data-e-type=\"section\" data-settings=\"{&quot;stretch_section&quot;:&quot;section-stretched&quot;}\">\n\t\t\t\t\t\t<div class=\"elementor-container elementor-column-gap-default\">\n\t\t\t\t\t<div class=\"elementor-column elementor-col-100 elementor-top-column elementor-element elementor-element-05c9ff4\" data-id=\"05c9ff4\" data-element_type=\"column\" data-e-type=\"column\" data-settings=\"{&quot;background_background&quot;:&quot;classic&quot;}\">\n\t\t\t<div class=\"elementor-widget-wrap elementor-element-populated\">\n\t\t\t\t\t\t<div class=\"elementor-element elementor-element-54746bf elementor-widget-divider--view-line elementor-widget elementor-widget-divider\" data-id=\"54746bf\" data-element_type=\"widget\" data-e-type=\"widget\" data-widget_type=\"divider.default\">\n\t\t\t\t<div class=\"elementor-widget-container\">\n\t\t\t\t\t\t\t<div class=\"elementor-divider\">\n\t\t\t<span class=\"elementor-divider-separator\">\n\t\t\t\t\t\t<\/span>\n\t\t<\/div>\n\t\t\t\t\t\t<\/div>\n\t\t\t\t<\/div>\n\t\t\t\t<div class=\"elementor-element elementor-element-1505d25 elementor-widget elementor-widget-heading\" data-id=\"1505d25\" data-element_type=\"widget\" data-e-type=\"widget\" data-widget_type=\"heading.default\">\n\t\t\t\t<div class=\"elementor-widget-container\">\n\t\t\t\t\t<div class=\"elementor-heading-title elementor-size-xl\">Onde vo\u00e7\u00ea pode conseguir um?<\/div>\t\t\t\t<\/div>\n\t\t\t\t<\/div>\n\t\t\t\t<section class=\"elementor-section elementor-inner-section elementor-element elementor-element-82a1260 elementor-section-full_width elementor-section-height-default elementor-section-height-default\" data-id=\"82a1260\" data-element_type=\"section\" data-e-type=\"section\">\n\t\t\t\t\t\t<div class=\"elementor-container elementor-column-gap-default\">\n\t\t\t\t\t<div class=\"elementor-column elementor-col-50 elementor-inner-column elementor-element elementor-element-ea226a0\" data-id=\"ea226a0\" data-element_type=\"column\" data-e-type=\"column\">\n\t\t\t<div class=\"elementor-widget-wrap elementor-element-populated\">\n\t\t\t\t\t\t<div class=\"elementor-element elementor-element-003311b elementor-view-framed elementor-shape-circle elementor-widget elementor-widget-icon\" data-id=\"003311b\" data-element_type=\"widget\" data-e-type=\"widget\" data-widget_type=\"icon.default\">\n\t\t\t\t<div class=\"elementor-widget-container\">\n\t\t\t\t\t\t\t<div class=\"elementor-icon-wrapper\">\n\t\t\t<div class=\"elementor-icon\">\n\t\t\t<i aria-hidden=\"true\" class=\"fas fa-book\"><\/i>\t\t\t<\/div>\n\t\t<\/div>\n\t\t\t\t\t\t<\/div>\n\t\t\t\t<\/div>\n\t\t\t\t<div class=\"elementor-element elementor-element-0a66933 elementor-widget elementor-widget-heading\" data-id=\"0a66933\" data-element_type=\"widget\" data-e-type=\"widget\" data-widget_type=\"heading.default\">\n\t\t\t\t<div class=\"elementor-widget-container\">\n\t\t\t\t\t<span class=\"elementor-heading-title elementor-size-large\">eBooks<\/span>\t\t\t\t<\/div>\n\t\t\t\t<\/div>\n\t\t\t\t<div class=\"elementor-element elementor-element-8738d17 elementor-icon-list--layout-inline elementor-align-center elementor-list-item-link-full_width elementor-widget elementor-widget-icon-list\" data-id=\"8738d17\" data-element_type=\"widget\" data-e-type=\"widget\" data-widget_type=\"icon-list.default\">\n\t\t\t\t<div class=\"elementor-widget-container\">\n\t\t\t\t\t\t\t<ul class=\"elementor-icon-list-items elementor-inline-items\">\n\t\t\t\t\t\t\t<li class=\"elementor-icon-list-item elementor-inline-item\">\n\t\t\t\t\t\t\t\t\t\t\t<a href=\"https:\/\/www.amazon.com.br\/dp\/B01D9FBGFA\">\n\n\t\t\t\t\t\t\t\t\t\t\t\t<span class=\"elementor-icon-list-icon\">\n\t\t\t\t\t\t\t<i aria-hidden=\"true\" class=\"fab fa-amazon\"><\/i>\t\t\t\t\t\t<\/span>\n\t\t\t\t\t\t\t\t\t\t<span class=\"elementor-icon-list-text\">Amazon<\/span>\n\t\t\t\t\t\t\t\t\t\t\t<\/a>\n\t\t\t\t\t\t\t\t\t<\/li>\n\t\t\t\t\t\t<\/ul>\n\t\t\t\t\t\t<\/div>\n\t\t\t\t<\/div>\n\t\t\t\t\t<\/div>\n\t\t<\/div>\n\t\t\t\t<div class=\"elementor-column elementor-col-50 elementor-inner-column elementor-element elementor-element-b7ef45b\" data-id=\"b7ef45b\" data-element_type=\"column\" data-e-type=\"column\">\n\t\t\t<div class=\"elementor-widget-wrap elementor-element-populated\">\n\t\t\t\t\t\t<div class=\"elementor-element elementor-element-cb11491 elementor-view-framed elementor-shape-square elementor-widget elementor-widget-icon\" data-id=\"cb11491\" data-element_type=\"widget\" data-e-type=\"widget\" data-widget_type=\"icon.default\">\n\t\t\t\t<div class=\"elementor-widget-container\">\n\t\t\t\t\t\t\t<div class=\"elementor-icon-wrapper\">\n\t\t\t<div class=\"elementor-icon\">\n\t\t\t<i aria-hidden=\"true\" class=\"fas fa-book\"><\/i>\t\t\t<\/div>\n\t\t<\/div>\n\t\t\t\t\t\t<\/div>\n\t\t\t\t<\/div>\n\t\t\t\t<div class=\"elementor-element elementor-element-272a378 elementor-widget elementor-widget-heading\" data-id=\"272a378\" data-element_type=\"widget\" data-e-type=\"widget\" data-widget_type=\"heading.default\">\n\t\t\t\t<div class=\"elementor-widget-container\">\n\t\t\t\t\t<span class=\"elementor-heading-title elementor-size-large\">Livro F\u00edsico?<\/span>\t\t\t\t<\/div>\n\t\t\t\t<\/div>\n\t\t\t\t<div class=\"elementor-element elementor-element-b739c15 elementor-widget elementor-widget-text-editor\" data-id=\"b739c15\" data-element_type=\"widget\" data-e-type=\"widget\" data-widget_type=\"text-editor.default\">\n\t\t\t\t<div class=\"elementor-widget-container\">\n\t\t\t\t\t\t\t\t\t<p style=\"text-align: center;\">Voce pode conseguir alguns em Sebos \ud83d\ude09\u00a0<\/p><p style=\"text-align: center;\">Mas quando tiver, eu aviso por aqui!<\/p>\t\t\t\t\t\t\t\t<\/div>\n\t\t\t\t<\/div>\n\t\t\t\t\t<\/div>\n\t\t<\/div>\n\t\t\t\t\t<\/div>\n\t\t<\/section>\n\t\t\t\t\t<\/div>\n\t\t<\/div>\n\t\t\t\t\t<\/div>\n\t\t<\/section>\n\t\t\t\t<section class=\"elementor-section elementor-top-section elementor-element elementor-element-64e98c7 elementor-section-boxed elementor-section-height-default elementor-section-height-default\" data-id=\"64e98c7\" data-element_type=\"section\" data-e-type=\"section\" data-settings=\"{&quot;background_background&quot;:&quot;classic&quot;}\">\n\t\t\t\t\t\t<div class=\"elementor-container elementor-column-gap-default\">\n\t\t\t\t\t<div class=\"elementor-column elementor-col-100 elementor-top-column elementor-element elementor-element-3e786c6\" data-id=\"3e786c6\" data-element_type=\"column\" data-e-type=\"column\">\n\t\t\t<div class=\"elementor-widget-wrap elementor-element-populated\">\n\t\t\t\t\t\t<div class=\"elementor-element elementor-element-088aeaa elementor-widget elementor-widget-heading\" data-id=\"088aeaa\" data-element_type=\"widget\" data-e-type=\"widget\" data-widget_type=\"heading.default\">\n\t\t\t\t<div class=\"elementor-widget-container\">\n\t\t\t\t\t<span class=\"elementor-heading-title elementor-size-xl\">Fique a vontade pelo site \ud83d\ude00<\/span>\t\t\t\t<\/div>\n\t\t\t\t<\/div>\n\t\t\t\t\t<\/div>\n\t\t<\/div>\n\t\t\t\t\t<\/div>\n\t\t<\/section>\n\t\t\t\t<\/div>","protected":false},"excerpt":{"rendered":"<p>Contos de Um Lobo na Cidade &#8211; Vol. 1 Todos os contos possuem uma ilustra\u00e7\u00e3o espec\u00edfica no livro! Link para compra agora pela editora PenDragon! Fiquem \u00e0 vontade! \ud83d\ude00 Comprar na Amazon! Primeiro Volume de uma s\u00e9rio de livros que est\u00e1 contando v\u00e1rias aventuras de um lobo, n\u00e3o s\u00f3 dele, pelos mundos \u00e0 fora. Ilustra\u00e7\u00e3o&#8230;<\/p>","protected":false},"author":1,"featured_media":1367,"parent":69,"menu_order":1,"comment_status":"closed","ping_status":"closed","template":"elementor_header_footer","meta":{"footnotes":""},"class_list":["post-40","page","type-page","status-publish","has-post-thumbnail","hentry"],"_links":{"self":[{"href":"https:\/\/contosdeumlobo.com.br\/en\/wp-json\/wp\/v2\/pages\/40","targetHints":{"allow":["GET"]}}],"collection":[{"href":"https:\/\/contosdeumlobo.com.br\/en\/wp-json\/wp\/v2\/pages"}],"about":[{"href":"https:\/\/contosdeumlobo.com.br\/en\/wp-json\/wp\/v2\/types\/page"}],"author":[{"embeddable":true,"href":"https:\/\/contosdeumlobo.com.br\/en\/wp-json\/wp\/v2\/users\/1"}],"replies":[{"embeddable":true,"href":"https:\/\/contosdeumlobo.com.br\/en\/wp-json\/wp\/v2\/comments?post=40"}],"version-history":[{"count":34,"href":"https:\/\/contosdeumlobo.com.br\/en\/wp-json\/wp\/v2\/pages\/40\/revisions"}],"predecessor-version":[{"id":3409,"href":"https:\/\/contosdeumlobo.com.br\/en\/wp-json\/wp\/v2\/pages\/40\/revisions\/3409"}],"up":[{"embeddable":true,"href":"https:\/\/contosdeumlobo.com.br\/en\/wp-json\/wp\/v2\/pages\/69"}],"wp:featuredmedia":[{"embeddable":true,"href":"https:\/\/contosdeumlobo.com.br\/en\/wp-json\/wp\/v2\/media\/1367"}],"wp:attachment":[{"href":"https:\/\/contosdeumlobo.com.br\/en\/wp-json\/wp\/v2\/media?parent=40"}],"curies":[{"name":"wp","href":"https:\/\/api.w.org\/{rel}","templated":true}]}}