{"id":290,"date":"2016-07-11T22:13:01","date_gmt":"2016-07-12T01:13:01","guid":{"rendered":"https:\/\/ferilos.wordpress.com\/?page_id=290"},"modified":"2026-01-01T21:05:08","modified_gmt":"2026-01-02T00:05:08","slug":"contos-de-um-lobo-4","status":"publish","type":"page","link":"https:\/\/contosdeumlobo.com.br\/en\/contos-de-um-lobo-4\/","title":{"rendered":"Contos de Um Lobo 4"},"content":{"rendered":"<div data-elementor-type=\"wp-page\" data-elementor-id=\"290\" class=\"elementor elementor-290\">\n\t\t\t\t\t\t<section class=\"elementor-section elementor-top-section elementor-element elementor-element-db664d7 elementor-section-full_width elementor-section-height-default elementor-section-height-default\" data-id=\"db664d7\" data-element_type=\"section\" data-e-type=\"section\">\n\t\t\t\t\t\t<div class=\"elementor-container elementor-column-gap-no\">\n\t\t\t\t\t<div class=\"elementor-column elementor-col-100 elementor-top-column elementor-element elementor-element-35b2091\" data-id=\"35b2091\" data-element_type=\"column\" data-e-type=\"column\">\n\t\t\t<div class=\"elementor-widget-wrap elementor-element-populated\">\n\t\t\t\t\t\t<div class=\"elementor-element elementor-element-99df755 elementor-widget elementor-widget-image\" data-id=\"99df755\" data-element_type=\"widget\" data-e-type=\"widget\" data-widget_type=\"image.default\">\n\t\t\t\t<div class=\"elementor-widget-container\">\n\t\t\t\t\t\t\t\t\t\t\t\t\t\t\t<img fetchpriority=\"high\" decoding=\"async\" width=\"2560\" height=\"1422\" src=\"https:\/\/contosdeumlobo.com.br\/wp-content\/uploads\/2016\/06\/contos-de-um-lobo-vol-4.png\" class=\"attachment-full size-full wp-image-16\" alt=\"\" srcset=\"https:\/\/contosdeumlobo.com.br\/wp-content\/uploads\/2016\/06\/contos-de-um-lobo-vol-4.png 2560w, https:\/\/contosdeumlobo.com.br\/wp-content\/uploads\/2016\/06\/contos-de-um-lobo-vol-4-300x167.png 300w, https:\/\/contosdeumlobo.com.br\/wp-content\/uploads\/2016\/06\/contos-de-um-lobo-vol-4-768x427.png 768w, https:\/\/contosdeumlobo.com.br\/wp-content\/uploads\/2016\/06\/contos-de-um-lobo-vol-4-1024x569.png 1024w, https:\/\/contosdeumlobo.com.br\/wp-content\/uploads\/2016\/06\/contos-de-um-lobo-vol-4-676x375.png 676w\" sizes=\"(max-width: 2560px) 100vw, 2560px\" \/>\t\t\t\t\t\t\t\t\t\t\t\t\t\t\t<\/div>\n\t\t\t\t<\/div>\n\t\t\t\t\t<\/div>\n\t\t<\/div>\n\t\t\t\t\t<\/div>\n\t\t<\/section>\n\t\t\t\t<section class=\"elementor-section elementor-top-section elementor-element elementor-element-84630e2 elementor-section-boxed elementor-section-height-default elementor-section-height-default\" data-id=\"84630e2\" data-element_type=\"section\" data-e-type=\"section\">\n\t\t\t\t\t\t<div class=\"elementor-container elementor-column-gap-default\">\n\t\t\t\t\t<div class=\"elementor-column elementor-col-100 elementor-top-column elementor-element elementor-element-3e60854\" data-id=\"3e60854\" data-element_type=\"column\" data-e-type=\"column\">\n\t\t\t<div class=\"elementor-widget-wrap elementor-element-populated\">\n\t\t\t\t\t\t<section class=\"elementor-section elementor-inner-section elementor-element elementor-element-6a87176 elementor-section-boxed elementor-section-height-default elementor-section-height-default\" data-id=\"6a87176\" data-element_type=\"section\" data-e-type=\"section\">\n\t\t\t\t\t\t<div class=\"elementor-container elementor-column-gap-default\">\n\t\t\t\t\t<div class=\"elementor-column elementor-col-50 elementor-inner-column elementor-element elementor-element-e10b8ad\" data-id=\"e10b8ad\" data-element_type=\"column\" data-e-type=\"column\">\n\t\t\t<div class=\"elementor-widget-wrap elementor-element-populated\">\n\t\t\t\t\t\t<div class=\"elementor-element elementor-element-6bafd47 elementor-widget elementor-widget-image\" data-id=\"6bafd47\" data-element_type=\"widget\" data-e-type=\"widget\" data-widget_type=\"image.default\">\n\t\t\t\t<div class=\"elementor-widget-container\">\n\t\t\t\t\t\t\t\t\t\t\t\t\t\t\t<img decoding=\"async\" width=\"731\" height=\"1024\" src=\"https:\/\/contosdeumlobo.com.br\/wp-content\/uploads\/2018\/12\/capa-contos-de-um-lobo-4.png\" class=\"attachment-large size-large wp-image-1843\" alt=\"\" srcset=\"https:\/\/contosdeumlobo.com.br\/wp-content\/uploads\/2018\/12\/capa-contos-de-um-lobo-4.png 1500w, https:\/\/contosdeumlobo.com.br\/wp-content\/uploads\/2018\/12\/capa-contos-de-um-lobo-4-600x840.png 600w\" sizes=\"(max-width: 731px) 100vw, 731px\" \/>\t\t\t\t\t\t\t\t\t\t\t\t\t\t\t<\/div>\n\t\t\t\t<\/div>\n\t\t\t\t<div class=\"elementor-element elementor-element-aba662b elementor-button-info elementor-align-center elementor-widget elementor-widget-button\" data-id=\"aba662b\" data-element_type=\"widget\" data-e-type=\"widget\" data-widget_type=\"button.default\">\n\t\t\t\t<div class=\"elementor-widget-container\">\n\t\t\t\t\t\t\t\t\t<div class=\"elementor-button-wrapper\">\n\t\t\t\t\t<a class=\"elementor-button elementor-button-link elementor-size-sm\" href=\"https:\/\/www.amazon.com.br\/dp\/B0FQ4JV1FD\">\n\t\t\t\t\t\t<span class=\"elementor-button-content-wrapper\">\n\t\t\t\t\t\t<span class=\"elementor-button-icon\">\n\t\t\t\t<i aria-hidden=\"true\" class=\"fas fa-book\"><\/i>\t\t\t<\/span>\n\t\t\t\t\t\t\t\t\t<span class=\"elementor-button-text\">Comprar na Amazon!<\/span>\n\t\t\t\t\t<\/span>\n\t\t\t\t\t<\/a>\n\t\t\t\t<\/div>\n\t\t\t\t\t\t\t\t<\/div>\n\t\t\t\t<\/div>\n\t\t\t\t\t<\/div>\n\t\t<\/div>\n\t\t\t\t<div class=\"elementor-column elementor-col-50 elementor-inner-column elementor-element elementor-element-8b902d2\" data-id=\"8b902d2\" data-element_type=\"column\" data-e-type=\"column\">\n\t\t\t<div class=\"elementor-widget-wrap elementor-element-populated\">\n\t\t\t\t\t\t<div class=\"elementor-element elementor-element-8861023 elementor-widget elementor-widget-text-editor\" data-id=\"8861023\" data-element_type=\"widget\" data-e-type=\"widget\" data-widget_type=\"text-editor.default\">\n\t\t\t\t<div class=\"elementor-widget-container\">\n\t\t\t\t\t\t\t\t\t<p>Lista de Contos\u00a0 &lt;3<\/p><ul><li><span style=\"font-weight: bold;\">Premoni\u00e7\u00e3o<\/span><\/li><li><span style=\"font-weight: bold;\">Almas Acalentadas<\/span><\/li><li><span style=\"font-weight: bold;\">Disputa Por Uma Alma<\/span><ul><li>Parte 1<\/li><li>Parte 2 \u2013 Final<\/li><\/ul><\/li><li><span style=\"font-weight: bold;\">O Viajante<\/span><ul><li>Parte 1<\/li><li>Parte 2<\/li><li>Parte 3<\/li><li>Parte 4 \u2013 Final<\/li><\/ul><\/li><li><span style=\"font-weight: bold;\">Pilares da Exist\u00eancia de Um Lobo<\/span><\/li><li><span style=\"font-weight: bold;\">Luas\u00a0<\/span><\/li><li><span style=\"font-weight: bold;\">Persegui\u00e7\u00e3o\u00a0<\/span><ul><li><span style=\"font-weight: bold;\">\u2018Aquilo\u2019 que me foi Roubado\u00a0<\/span><\/li><li><span style=\"font-weight: bold;\">\u201cArduum\u201d \u2013\u00a0<\/span>Final<span style=\"font-weight: bold;\">\u00a0<\/span><\/li><\/ul><\/li><li><span style=\"font-weight: bold;\">Uma Vida, Varias Vidas<\/span><ul><li>Parte 1<\/li><li>Parte 2<\/li><li>Parte 3<\/li><li>Parte 4 &#8211; Final<\/li><\/ul><\/li><li><span style=\"font-weight: bold;\">Reminisc\u00eancia\u00a0<\/span><\/li><li><span style=\"font-weight: bold;\">Pequenos Fatos Ocorridos na Linha Corrida do Tempo\u00a0<\/span><\/li><\/ul><p><span style=\"font-weight: bold;\">Dedicados Com ou Sem Musica<\/span><\/p><ul><li><span style=\"font-weight: bold;\">Obscuro, Escuro \u2013 Solit\u00e1rio, Sozinho\u00a0<\/span><\/li><li><span style=\"font-weight: bold;\">Floresta\u00a0<\/span><\/li><\/ul><p>Este taqui ja esta dispon\u00edvel em book! MAS faltando as ilustra\u00e7\u00f5es \ud83d\ude41<\/p><p>\u00a0<\/p>\t\t\t\t\t\t\t\t<\/div>\n\t\t\t\t<\/div>\n\t\t\t\t\t<\/div>\n\t\t<\/div>\n\t\t\t\t\t<\/div>\n\t\t<\/section>\n\t\t\t\t\t<\/div>\n\t\t<\/div>\n\t\t\t\t\t<\/div>\n\t\t<\/section>\n\t\t\t\t<section class=\"elementor-section elementor-top-section elementor-element elementor-element-bf6c551 elementor-section-boxed elementor-section-height-default elementor-section-height-default\" data-id=\"bf6c551\" data-element_type=\"section\" data-e-type=\"section\">\n\t\t\t\t\t\t<div class=\"elementor-container elementor-column-gap-default\">\n\t\t\t\t\t<div class=\"elementor-column elementor-col-100 elementor-top-column elementor-element elementor-element-fe326ef\" data-id=\"fe326ef\" data-element_type=\"column\" data-e-type=\"column\">\n\t\t\t<div class=\"elementor-widget-wrap elementor-element-populated\">\n\t\t\t\t\t\t<div class=\"elementor-element elementor-element-66bbfef elementor-widget elementor-widget-heading\" data-id=\"66bbfef\" data-element_type=\"widget\" data-e-type=\"widget\" data-widget_type=\"heading.default\">\n\t\t\t\t<div class=\"elementor-widget-container\">\n\t\t\t\t\t<h2 class=\"elementor-heading-title elementor-size-default\">Sinopse? Eita que 2026 trouxe!<\/h2>\t\t\t\t<\/div>\n\t\t\t\t<\/div>\n\t\t\t\t<div class=\"elementor-element elementor-element-66697f0 elementor-widget elementor-widget-text-editor\" data-id=\"66697f0\" data-element_type=\"widget\" data-e-type=\"widget\" data-widget_type=\"text-editor.default\">\n\t\t\t\t<div class=\"elementor-widget-container\">\n\t\t\t\t\t\t\t\t\t<p>O Volume 4 de Contos de Um Lobo na Cidade vem carregado de responsabilidade. Vem com <i>Os Mundos e Seus Seres -Vivo-<\/i> clamando sem cessar.\u00a0<\/p><p>O Lobo corre pelos chamados.\u00a0<\/p><p>Voa pelos mundos.\u00a0<\/p><p>E n\u00e3o pode mais voltar atras por si mesmo.\u00a0<\/p><p>Porque no andar da carruagem, o inevit\u00e1vel \u00e9 sempre presente. E o futuro, sempre ser\u00e1 apenas uma esperan\u00e7a.<\/p>\t\t\t\t\t\t\t\t<\/div>\n\t\t\t\t<\/div>\n\t\t\t\t\t<\/div>\n\t\t<\/div>\n\t\t\t\t\t<\/div>\n\t\t<\/section>\n\t\t\t\t<\/div>","protected":false},"excerpt":{"rendered":"<p>Comprar na Amazon! Lista de Contos\u00a0 &lt;3 Premoni\u00e7\u00e3o Almas Acalentadas Disputa Por Uma Alma Parte 1 Parte 2 \u2013 Final O Viajante Parte 1 Parte 2 Parte 3 Parte 4 \u2013 Final Pilares da Exist\u00eancia de Um Lobo Luas\u00a0 Persegui\u00e7\u00e3o\u00a0 \u2018Aquilo\u2019 que me foi Roubado\u00a0 \u201cArduum\u201d \u2013\u00a0Final\u00a0 Uma Vida, Varias Vidas Parte 1 Parte 2&#8230;<\/p>","protected":false},"author":1,"featured_media":16,"parent":0,"menu_order":0,"comment_status":"closed","ping_status":"closed","template":"","meta":{"footnotes":""},"class_list":["post-290","page","type-page","status-publish","has-post-thumbnail","hentry"],"_links":{"self":[{"href":"https:\/\/contosdeumlobo.com.br\/en\/wp-json\/wp\/v2\/pages\/290","targetHints":{"allow":["GET"]}}],"collection":[{"href":"https:\/\/contosdeumlobo.com.br\/en\/wp-json\/wp\/v2\/pages"}],"about":[{"href":"https:\/\/contosdeumlobo.com.br\/en\/wp-json\/wp\/v2\/types\/page"}],"author":[{"embeddable":true,"href":"https:\/\/contosdeumlobo.com.br\/en\/wp-json\/wp\/v2\/users\/1"}],"replies":[{"embeddable":true,"href":"https:\/\/contosdeumlobo.com.br\/en\/wp-json\/wp\/v2\/comments?post=290"}],"version-history":[{"count":19,"href":"https:\/\/contosdeumlobo.com.br\/en\/wp-json\/wp\/v2\/pages\/290\/revisions"}],"predecessor-version":[{"id":3421,"href":"https:\/\/contosdeumlobo.com.br\/en\/wp-json\/wp\/v2\/pages\/290\/revisions\/3421"}],"wp:featuredmedia":[{"embeddable":true,"href":"https:\/\/contosdeumlobo.com.br\/en\/wp-json\/wp\/v2\/media\/16"}],"wp:attachment":[{"href":"https:\/\/contosdeumlobo.com.br\/en\/wp-json\/wp\/v2\/media?parent=290"}],"curies":[{"name":"wp","href":"https:\/\/api.w.org\/{rel}","templated":true}]}}