{"id":1929,"date":"2019-01-24T21:40:03","date_gmt":"2019-01-24T21:40:03","guid":{"rendered":"http:\/\/contosdeumlobo.com.br\/?page_id=1929"},"modified":"2024-01-21T00:44:45","modified_gmt":"2024-01-21T03:44:45","slug":"o-observador-solitario","status":"publish","type":"page","link":"https:\/\/contosdeumlobo.com.br\/en\/o-observador-solitario\/","title":{"rendered":"O Observador Solitario"},"content":{"rendered":"<div data-elementor-type=\"wp-page\" data-elementor-id=\"1929\" class=\"elementor elementor-1929\">\n\t\t\t\t\t\t<section class=\"elementor-section elementor-top-section elementor-element elementor-element-e3dab59 elementor-section-full_width elementor-section-height-default elementor-section-height-default\" data-id=\"e3dab59\" data-element_type=\"section\" data-e-type=\"section\" data-settings=\"{&quot;background_background&quot;:&quot;classic&quot;}\">\n\t\t\t\t\t\t<div class=\"elementor-container elementor-column-gap-no\">\n\t\t\t\t\t<div class=\"elementor-column elementor-col-100 elementor-top-column elementor-element elementor-element-e13fa9b\" data-id=\"e13fa9b\" data-element_type=\"column\" data-e-type=\"column\">\n\t\t\t<div class=\"elementor-widget-wrap elementor-element-populated\">\n\t\t\t\t\t\t<div class=\"elementor-element elementor-element-5f32c0a elementor-widget elementor-widget-image\" data-id=\"5f32c0a\" data-element_type=\"widget\" data-e-type=\"widget\" data-widget_type=\"image.default\">\n\t\t\t\t<div class=\"elementor-widget-container\">\n\t\t\t\t\t\t\t\t\t\t\t\t\t\t\t<img fetchpriority=\"high\" decoding=\"async\" width=\"1920\" height=\"1080\" src=\"https:\/\/contosdeumlobo.com.br\/wp-content\/uploads\/2024\/01\/00059-1524984466-vf.png\" class=\"attachment-full size-full wp-image-3150\" alt=\"\" srcset=\"https:\/\/contosdeumlobo.com.br\/wp-content\/uploads\/2024\/01\/00059-1524984466-vf.png 1920w, https:\/\/contosdeumlobo.com.br\/wp-content\/uploads\/2024\/01\/00059-1524984466-vf-300x169.png 300w, https:\/\/contosdeumlobo.com.br\/wp-content\/uploads\/2024\/01\/00059-1524984466-vf-1024x576.png 1024w, https:\/\/contosdeumlobo.com.br\/wp-content\/uploads\/2024\/01\/00059-1524984466-vf-768x432.png 768w, https:\/\/contosdeumlobo.com.br\/wp-content\/uploads\/2024\/01\/00059-1524984466-vf-1536x864.png 1536w, https:\/\/contosdeumlobo.com.br\/wp-content\/uploads\/2024\/01\/00059-1524984466-vf-18x10.png 18w, https:\/\/contosdeumlobo.com.br\/wp-content\/uploads\/2024\/01\/00059-1524984466-vf-600x338.png 600w, https:\/\/contosdeumlobo.com.br\/wp-content\/uploads\/2024\/01\/00059-1524984466-vf-400x225.png 400w, https:\/\/contosdeumlobo.com.br\/wp-content\/uploads\/2024\/01\/00059-1524984466-vf-700x394.png 700w, https:\/\/contosdeumlobo.com.br\/wp-content\/uploads\/2024\/01\/00059-1524984466-vf-1300x731.png 1300w\" sizes=\"(max-width: 1920px) 100vw, 1920px\" \/>\t\t\t\t\t\t\t\t\t\t\t\t\t\t\t<\/div>\n\t\t\t\t<\/div>\n\t\t\t\t\t<\/div>\n\t\t<\/div>\n\t\t\t\t\t<\/div>\n\t\t<\/section>\n\t\t\t\t<section class=\"elementor-section elementor-top-section elementor-element elementor-element-bb2e3bc elementor-section-boxed elementor-section-height-default elementor-section-height-default\" data-id=\"bb2e3bc\" data-element_type=\"section\" data-e-type=\"section\" data-settings=\"{&quot;background_background&quot;:&quot;classic&quot;}\">\n\t\t\t\t\t\t<div class=\"elementor-container elementor-column-gap-default\">\n\t\t\t\t\t<div class=\"elementor-column elementor-col-100 elementor-top-column elementor-element elementor-element-af99e1c\" data-id=\"af99e1c\" data-element_type=\"column\" data-e-type=\"column\">\n\t\t\t<div class=\"elementor-widget-wrap elementor-element-populated\">\n\t\t\t\t\t\t<div class=\"elementor-element elementor-element-713d1ac elementor-widget elementor-widget-heading\" data-id=\"713d1ac\" data-element_type=\"widget\" data-e-type=\"widget\" data-widget_type=\"heading.default\">\n\t\t\t\t<div class=\"elementor-widget-container\">\n\t\t\t\t\t<span class=\"elementor-heading-title elementor-size-large\">O Observador Solit\u00e1rio<\/span>\t\t\t\t<\/div>\n\t\t\t\t<\/div>\n\t\t\t\t\t<\/div>\n\t\t<\/div>\n\t\t\t\t\t<\/div>\n\t\t<\/section>\n\t\t\t\t<section class=\"elementor-section elementor-top-section elementor-element elementor-element-e0b5c8a elementor-section-boxed elementor-section-height-default elementor-section-height-default\" data-id=\"e0b5c8a\" data-element_type=\"section\" data-e-type=\"section\" data-settings=\"{&quot;background_background&quot;:&quot;classic&quot;}\">\n\t\t\t\t\t\t<div class=\"elementor-container elementor-column-gap-default\">\n\t\t\t\t\t<div class=\"elementor-column elementor-col-100 elementor-top-column elementor-element elementor-element-4ae1ace\" data-id=\"4ae1ace\" data-element_type=\"column\" data-e-type=\"column\">\n\t\t\t<div class=\"elementor-widget-wrap elementor-element-populated\">\n\t\t\t\t\t\t<div class=\"elementor-element elementor-element-da3ccee elementor-widget elementor-widget-heading\" data-id=\"da3ccee\" data-element_type=\"widget\" data-e-type=\"widget\" data-widget_type=\"heading.default\">\n\t\t\t\t<div class=\"elementor-widget-container\">\n\t\t\t\t\t<span class=\"elementor-heading-title elementor-size-medium\">O que \u00e9 o livro O Observador Solitario?<\/span>\t\t\t\t<\/div>\n\t\t\t\t<\/div>\n\t\t\t\t\t<\/div>\n\t\t<\/div>\n\t\t\t\t\t<\/div>\n\t\t<\/section>\n\t\t\t\t<section class=\"elementor-section elementor-top-section elementor-element elementor-element-b9965cb elementor-section-boxed elementor-section-height-default elementor-section-height-default\" data-id=\"b9965cb\" data-element_type=\"section\" data-e-type=\"section\" data-settings=\"{&quot;background_background&quot;:&quot;classic&quot;}\">\n\t\t\t\t\t\t<div class=\"elementor-container elementor-column-gap-default\">\n\t\t\t\t\t<div class=\"elementor-column elementor-col-100 elementor-top-column elementor-element elementor-element-acef645\" data-id=\"acef645\" data-element_type=\"column\" data-e-type=\"column\">\n\t\t\t<div class=\"elementor-widget-wrap elementor-element-populated\">\n\t\t\t\t\t\t<section class=\"elementor-section elementor-inner-section elementor-element elementor-element-8bccdb3 elementor-section-boxed elementor-section-height-default elementor-section-height-default\" data-id=\"8bccdb3\" data-element_type=\"section\" data-e-type=\"section\">\n\t\t\t\t\t\t<div class=\"elementor-container elementor-column-gap-default\">\n\t\t\t\t\t<div class=\"elementor-column elementor-col-50 elementor-inner-column elementor-element elementor-element-9a9e6ce\" data-id=\"9a9e6ce\" data-element_type=\"column\" data-e-type=\"column\">\n\t\t\t<div class=\"elementor-widget-wrap elementor-element-populated\">\n\t\t\t\t\t\t<div class=\"elementor-element elementor-element-b264a98 elementor-widget elementor-widget-text-editor\" data-id=\"b264a98\" data-element_type=\"widget\" data-e-type=\"widget\" data-widget_type=\"text-editor.default\">\n\t\t\t\t<div class=\"elementor-widget-container\">\n\t\t\t\t\t\t\t\t\t<p>O Livro \u00e9 um dos poucos que faz parte de uma hist\u00f3ria muito longa, que conta o presente de acontecimentos que tem haver com os livros? Contos de Um Lobo na Cidade.<\/p><p>Ele \u00e9 a hist\u00f3ria principal de todo o conjunto no momento &#8220;Presente&#8221;.<\/p><p>Oficialmente, pela ordem de contos, o Livro come\u00e7a ap\u00f3s o conto &#8220;Desastre `Natural`&#8221; que \u00e9 o \u00faltimo conto, n\u00e3o Dedicado do livro: Contos de Um Lobo na Cidade &#8211; Hist\u00f3rias de Vidas Paralelas<\/p><p>Posso dizer, que como n\u00e3o spoiler, que voc\u00ea ir\u00e1 conhecer personagens novos, e ira ler antigos personagens com novas facetas.<\/p><p>N\u00e3o acho que ser\u00e1 f\u00e1cil aceitar a verdade por tr\u00e1s do Observador Solit\u00e1rio, mas te garanto que ser\u00e1 bem justo.<\/p>\t\t\t\t\t\t\t\t<\/div>\n\t\t\t\t<\/div>\n\t\t\t\t<div class=\"elementor-element elementor-element-fb832e9 elementor-button-warning elementor-align-center elementor-widget elementor-widget-button\" data-id=\"fb832e9\" data-element_type=\"widget\" data-e-type=\"widget\" data-widget_type=\"button.default\">\n\t\t\t\t<div class=\"elementor-widget-container\">\n\t\t\t\t\t\t\t\t\t<div class=\"elementor-button-wrapper\">\n\t\t\t\t\t<a class=\"elementor-button elementor-button-link elementor-size-sm\" href=\"https:\/\/www.wattpad.com\/story\/97263603-contos-de-um-lobo-na-cidade-volume-3-hist%C3%B3rias-de\">\n\t\t\t\t\t\t<span class=\"elementor-button-content-wrapper\">\n\t\t\t\t\t\t\t\t\t<span class=\"elementor-button-text\">Clique para ler no Wattpad! <\/span>\n\t\t\t\t\t<\/span>\n\t\t\t\t\t<\/a>\n\t\t\t\t<\/div>\n\t\t\t\t\t\t\t\t<\/div>\n\t\t\t\t<\/div>\n\t\t\t\t\t<\/div>\n\t\t<\/div>\n\t\t\t\t<div class=\"elementor-column elementor-col-50 elementor-inner-column elementor-element elementor-element-ece0fa2\" data-id=\"ece0fa2\" data-element_type=\"column\" data-e-type=\"column\">\n\t\t\t<div class=\"elementor-widget-wrap elementor-element-populated\">\n\t\t\t\t\t\t<div class=\"elementor-element elementor-element-298d5d0 elementor-widget__width-initial elementor-widget elementor-widget-image\" data-id=\"298d5d0\" data-element_type=\"widget\" data-e-type=\"widget\" data-widget_type=\"image.default\">\n\t\t\t\t<div class=\"elementor-widget-container\">\n\t\t\t\t\t\t\t\t\t\t\t\t\t\t\t<img decoding=\"async\" width=\"1810\" height=\"2560\" src=\"https:\/\/contosdeumlobo.com.br\/wp-content\/uploads\/2019\/01\/capa-volume-3.png\" class=\"attachment-full size-full wp-image-1940\" alt=\"\" srcset=\"https:\/\/contosdeumlobo.com.br\/wp-content\/uploads\/2019\/01\/capa-volume-3.png 1810w, https:\/\/contosdeumlobo.com.br\/wp-content\/uploads\/2019\/01\/capa-volume-3-600x849.png 600w\" sizes=\"(max-width: 1810px) 100vw, 1810px\" \/>\t\t\t\t\t\t\t\t\t\t\t\t\t\t\t<\/div>\n\t\t\t\t<\/div>\n\t\t\t\t\t<\/div>\n\t\t<\/div>\n\t\t\t\t\t<\/div>\n\t\t<\/section>\n\t\t\t\t\t<\/div>\n\t\t<\/div>\n\t\t\t\t\t<\/div>\n\t\t<\/section>\n\t\t\t\t<section class=\"elementor-section elementor-top-section elementor-element elementor-element-8a1b0f7 elementor-section-full_width elementor-section-height-default elementor-section-height-default\" data-id=\"8a1b0f7\" data-element_type=\"section\" data-e-type=\"section\" data-settings=\"{&quot;background_background&quot;:&quot;classic&quot;}\">\n\t\t\t\t\t\t<div class=\"elementor-container elementor-column-gap-default\">\n\t\t\t\t\t<div class=\"elementor-column elementor-col-100 elementor-top-column elementor-element elementor-element-e4a2874\" data-id=\"e4a2874\" data-element_type=\"column\" data-e-type=\"column\">\n\t\t\t<div class=\"elementor-widget-wrap elementor-element-populated\">\n\t\t\t\t\t\t<div class=\"elementor-element elementor-element-8f71afc elementor-widget-divider--view-line elementor-widget elementor-widget-divider\" data-id=\"8f71afc\" data-element_type=\"widget\" data-e-type=\"widget\" data-widget_type=\"divider.default\">\n\t\t\t\t<div class=\"elementor-widget-container\">\n\t\t\t\t\t\t\t<div class=\"elementor-divider\">\n\t\t\t<span class=\"elementor-divider-separator\">\n\t\t\t\t\t\t<\/span>\n\t\t<\/div>\n\t\t\t\t\t\t<\/div>\n\t\t\t\t<\/div>\n\t\t\t\t\t<\/div>\n\t\t<\/div>\n\t\t\t\t\t<\/div>\n\t\t<\/section>\n\t\t\t\t<section class=\"elementor-section elementor-top-section elementor-element elementor-element-452c5ec elementor-section-boxed elementor-section-height-default elementor-section-height-default\" data-id=\"452c5ec\" data-element_type=\"section\" data-e-type=\"section\" data-settings=\"{&quot;background_background&quot;:&quot;classic&quot;}\">\n\t\t\t\t\t\t<div class=\"elementor-container elementor-column-gap-default\">\n\t\t\t\t\t<div class=\"elementor-column elementor-col-100 elementor-top-column elementor-element elementor-element-4b6ea4d\" data-id=\"4b6ea4d\" data-element_type=\"column\" data-e-type=\"column\">\n\t\t\t<div class=\"elementor-widget-wrap elementor-element-populated\">\n\t\t\t\t\t\t<div class=\"elementor-element elementor-element-3aa5b86 elementor-widget elementor-widget-heading\" data-id=\"3aa5b86\" data-element_type=\"widget\" data-e-type=\"widget\" data-widget_type=\"heading.default\">\n\t\t\t\t<div class=\"elementor-widget-container\">\n\t\t\t\t\t<div class=\"elementor-heading-title elementor-size-xl\">O Observador Solit\u00e1rio - Revolu\u00e7\u00e3o Tecnol\u00f3gica<\/div>\t\t\t\t<\/div>\n\t\t\t\t<\/div>\n\t\t\t\t\t<\/div>\n\t\t<\/div>\n\t\t\t\t\t<\/div>\n\t\t<\/section>\n\t\t\t\t<section class=\"elementor-section elementor-top-section elementor-element elementor-element-cfc2a43 elementor-section-boxed elementor-section-height-default elementor-section-height-default\" data-id=\"cfc2a43\" data-element_type=\"section\" data-e-type=\"section\" data-settings=\"{&quot;background_background&quot;:&quot;classic&quot;}\">\n\t\t\t\t\t\t<div class=\"elementor-container elementor-column-gap-default\">\n\t\t\t\t\t<div class=\"elementor-column elementor-col-100 elementor-top-column elementor-element elementor-element-5e794ea\" data-id=\"5e794ea\" data-element_type=\"column\" data-e-type=\"column\">\n\t\t\t<div class=\"elementor-widget-wrap elementor-element-populated\">\n\t\t\t\t\t\t<section class=\"elementor-section elementor-inner-section elementor-element elementor-element-4105c5a elementor-section-boxed elementor-section-height-default elementor-section-height-default\" data-id=\"4105c5a\" data-element_type=\"section\" data-e-type=\"section\">\n\t\t\t\t\t\t<div class=\"elementor-container elementor-column-gap-default\">\n\t\t\t\t\t<div class=\"elementor-column elementor-col-50 elementor-inner-column elementor-element elementor-element-4016e6e\" data-id=\"4016e6e\" data-element_type=\"column\" data-e-type=\"column\">\n\t\t\t<div class=\"elementor-widget-wrap elementor-element-populated\">\n\t\t\t\t\t\t<div class=\"elementor-element elementor-element-bbcf185 elementor-widget elementor-widget-text-editor\" data-id=\"bbcf185\" data-element_type=\"widget\" data-e-type=\"widget\" data-widget_type=\"text-editor.default\">\n\t\t\t\t<div class=\"elementor-widget-container\">\n\t\t\t\t\t\t\t\t\t<div><div>O Observador Solit\u00e1rio &#8211; Revolu\u00e7\u00e3o Tecnol\u00f3gica, nada mais \u00e9 do que a finaliza\u00e7\u00e3o de uma hist\u00f3ria que nem mesmo come\u00e7ou nestes dois livros.<\/div><div>\u00a0<\/div><div>Mas toda hist\u00f3ria precisa de um fim, e posso dizer que parte desse fim ja se encontra pr\u00e9-escrito em: Contos de Um Lobo na Cidade &#8211; O Mundo e Seus Seres -Vivos-, o primeiro conto do livro.<\/div><div>\u00a0<\/div><div>&#8211; Voc\u00ea consegue ler esse conto clicando ao lado \ud83d\ude09<\/div><div>\u00a0<\/div><div>\u00c9 meio triste saber que algumas coisas v\u00e3o acontecer, mas tudo tem um motivo, certo?<\/div><div>\u00a0<\/div><div>A pior parte, com certeza n\u00e3o \u00e9 saber o futuro, \u00e9 saber que n\u00e3o tem como muda-lo, uma hora ele chega, de um jeito ou de outro.<\/div><div>\u00a0<\/div><div>O que pode ser diferente al\u00e9m da consequ\u00eancia de nossos atos?<\/div><\/div>\t\t\t\t\t\t\t\t<\/div>\n\t\t\t\t<\/div>\n\t\t\t\t<div class=\"elementor-element elementor-element-796c3ad elementor-button-info elementor-align-center elementor-widget elementor-widget-button\" data-id=\"796c3ad\" data-element_type=\"widget\" data-e-type=\"widget\" data-widget_type=\"button.default\">\n\t\t\t\t<div class=\"elementor-widget-container\">\n\t\t\t\t\t\t\t\t\t<div class=\"elementor-button-wrapper\">\n\t\t\t\t\t<a class=\"elementor-button elementor-button-link elementor-size-sm\" href=\"https:\/\/www.wattpad.com\/story\/168580012-contos-de-um-lobo-na-cidade-vol-4-os-mundos-e-seus\">\n\t\t\t\t\t\t<span class=\"elementor-button-content-wrapper\">\n\t\t\t\t\t\t\t\t\t<span class=\"elementor-button-text\">Clique para ler no Wattpad!  &lt;3<\/span>\n\t\t\t\t\t<\/span>\n\t\t\t\t\t<\/a>\n\t\t\t\t<\/div>\n\t\t\t\t\t\t\t\t<\/div>\n\t\t\t\t<\/div>\n\t\t\t\t\t<\/div>\n\t\t<\/div>\n\t\t\t\t<div class=\"elementor-column elementor-col-50 elementor-inner-column elementor-element elementor-element-d6c763c\" data-id=\"d6c763c\" data-element_type=\"column\" data-e-type=\"column\">\n\t\t\t<div class=\"elementor-widget-wrap elementor-element-populated\">\n\t\t\t\t\t\t<div class=\"elementor-element elementor-element-270fddf elementor-widget__width-initial elementor-widget elementor-widget-image\" data-id=\"270fddf\" data-element_type=\"widget\" data-e-type=\"widget\" data-widget_type=\"image.default\">\n\t\t\t\t<div class=\"elementor-widget-container\">\n\t\t\t\t\t\t\t\t\t\t\t\t\t\t\t<img decoding=\"async\" width=\"768\" height=\"1075\" src=\"https:\/\/contosdeumlobo.com.br\/wp-content\/uploads\/2018\/12\/capa-contos-de-um-lobo-4.png\" class=\"attachment-medium_large size-medium_large wp-image-1843\" alt=\"\" srcset=\"https:\/\/contosdeumlobo.com.br\/wp-content\/uploads\/2018\/12\/capa-contos-de-um-lobo-4.png 1500w, https:\/\/contosdeumlobo.com.br\/wp-content\/uploads\/2018\/12\/capa-contos-de-um-lobo-4-600x840.png 600w\" sizes=\"(max-width: 768px) 100vw, 768px\" \/>\t\t\t\t\t\t\t\t\t\t\t\t\t\t\t<\/div>\n\t\t\t\t<\/div>\n\t\t\t\t\t<\/div>\n\t\t<\/div>\n\t\t\t\t\t<\/div>\n\t\t<\/section>\n\t\t\t\t<div class=\"elementor-element elementor-element-22fc7b6 elementor-widget elementor-widget-heading\" data-id=\"22fc7b6\" data-element_type=\"widget\" data-e-type=\"widget\" data-widget_type=\"heading.default\">\n\t\t\t\t<div class=\"elementor-widget-container\">\n\t\t\t\t\t<div class=\"elementor-heading-title elementor-size-xl\">Onde Leio o Observador Solit\u00e1rio?<\/div>\t\t\t\t<\/div>\n\t\t\t\t<\/div>\n\t\t\t\t<div class=\"elementor-element elementor-element-0030611 elementor-widget elementor-widget-text-editor\" data-id=\"0030611\" data-element_type=\"widget\" data-e-type=\"widget\" data-widget_type=\"text-editor.default\">\n\t\t\t\t<div class=\"elementor-widget-container\">\n\t\t\t\t\t\t\t\t\t<p>Por enquanto, a leitura esta um pouco restrita, se quiser acompanhar o desenvolvimento da hist\u00f3ria, entre contato que eu vejo o que \u00e9 possivel ta? \ud83d\ude42<\/p>\t\t\t\t\t\t\t\t<\/div>\n\t\t\t\t<\/div>\n\t\t\t\t\t<\/div>\n\t\t<\/div>\n\t\t\t\t\t<\/div>\n\t\t<\/section>\n\t\t\t\t<\/div>","protected":false},"excerpt":{"rendered":"<p>O Observador Solit\u00e1rio O que \u00e9 o livro O Observador Solitario? O Livro \u00e9 um dos poucos que faz parte de uma hist\u00f3ria muito longa, que conta o presente de acontecimentos que tem haver com os livros? Contos de Um Lobo na Cidade. Ele \u00e9 a hist\u00f3ria principal de todo o conjunto no momento &#8220;Presente&#8221;&#8230;.<\/p>","protected":false},"author":1,"featured_media":0,"parent":0,"menu_order":0,"comment_status":"closed","ping_status":"closed","template":"elementor_header_footer","meta":{"footnotes":""},"class_list":["post-1929","page","type-page","status-publish","hentry"],"_links":{"self":[{"href":"https:\/\/contosdeumlobo.com.br\/en\/wp-json\/wp\/v2\/pages\/1929","targetHints":{"allow":["GET"]}}],"collection":[{"href":"https:\/\/contosdeumlobo.com.br\/en\/wp-json\/wp\/v2\/pages"}],"about":[{"href":"https:\/\/contosdeumlobo.com.br\/en\/wp-json\/wp\/v2\/types\/page"}],"author":[{"embeddable":true,"href":"https:\/\/contosdeumlobo.com.br\/en\/wp-json\/wp\/v2\/users\/1"}],"replies":[{"embeddable":true,"href":"https:\/\/contosdeumlobo.com.br\/en\/wp-json\/wp\/v2\/comments?post=1929"}],"version-history":[{"count":6,"href":"https:\/\/contosdeumlobo.com.br\/en\/wp-json\/wp\/v2\/pages\/1929\/revisions"}],"predecessor-version":[{"id":3154,"href":"https:\/\/contosdeumlobo.com.br\/en\/wp-json\/wp\/v2\/pages\/1929\/revisions\/3154"}],"wp:attachment":[{"href":"https:\/\/contosdeumlobo.com.br\/en\/wp-json\/wp\/v2\/media?parent=1929"}],"curies":[{"name":"wp","href":"https:\/\/api.w.org\/{rel}","templated":true}]}}