{"id":1027,"date":"2017-09-24T10:02:20","date_gmt":"2017-09-24T13:02:20","guid":{"rendered":"https:\/\/ferilos.wordpress.com\/?page_id=1027"},"modified":"2017-09-24T10:02:20","modified_gmt":"2017-09-24T13:02:20","slug":"instagram","status":"publish","type":"page","link":"https:\/\/contosdeumlobo.com.br\/en\/instagram\/","title":{"rendered":"Instagram"},"content":{"rendered":"<p><img fetchpriority=\"high\" decoding=\"async\" class=\"size-medium wp-image-1328 alignleft\" src=\"http:\/\/contosdeumlobo.com.br\/wp-content\/uploads\/2018\/04\/img_20180306_142114.jpg?w=225\" alt=\"IMG_20180306_142114\" width=\"225\" height=\"300\" srcset=\"https:\/\/contosdeumlobo.com.br\/wp-content\/uploads\/2018\/04\/img_20180306_142114.jpg 1920w, https:\/\/contosdeumlobo.com.br\/wp-content\/uploads\/2018\/04\/img_20180306_142114-225x300.jpg 225w, https:\/\/contosdeumlobo.com.br\/wp-content\/uploads\/2018\/04\/img_20180306_142114-768x1024.jpg 768w, https:\/\/contosdeumlobo.com.br\/wp-content\/uploads\/2018\/04\/img_20180306_142114-676x901.jpg 676w\" sizes=\"(max-width: 225px) 100vw, 225px\" \/><\/p>\n<p style=\"text-align:center;\"><a href=\"https:\/\/www.instagram.com\/ferilosart\/\">Instagram &#8211; Felipe Sena Pereira<\/a><\/p>\n<p><strong>Bio:<\/strong>\u00a0Felipe Sena Pereira<\/p>\n<p>Um cara estranho em um mundo normal. Meio doido e muito desligado. &lt;3 cultura oriental. Tipo Escritor e Fotografo nas horas vagas. &#8220;Contos de Um Lobo&#8221;<\/p>\n<p>&nbsp;<\/p>\n<p>&nbsp;<\/p>\n<p>&nbsp;<\/p>\n<p>&nbsp;<\/p>\n<p><img decoding=\"async\" class=\"size-medium wp-image-1327 alignleft\" src=\"http:\/\/contosdeumlobo.com.br\/wp-content\/uploads\/2018\/04\/img_20180411_190509.jpg?w=300\" alt=\"IMG_20180411_190509\" width=\"300\" height=\"225\" srcset=\"https:\/\/contosdeumlobo.com.br\/wp-content\/uploads\/2018\/04\/img_20180411_190509.jpg 2560w, https:\/\/contosdeumlobo.com.br\/wp-content\/uploads\/2018\/04\/img_20180411_190509-300x225.jpg 300w, https:\/\/contosdeumlobo.com.br\/wp-content\/uploads\/2018\/04\/img_20180411_190509-768x576.jpg 768w, https:\/\/contosdeumlobo.com.br\/wp-content\/uploads\/2018\/04\/img_20180411_190509-1024x768.jpg 1024w, https:\/\/contosdeumlobo.com.br\/wp-content\/uploads\/2018\/04\/img_20180411_190509-676x507.jpg 676w\" sizes=\"(max-width: 300px) 100vw, 300px\" \/><\/p>\n<p style=\"text-align:center;\"><a href=\"https:\/\/www.instagram.com\/contos_de_um_lobo\/\">Instagram &#8211; Contos de Um Lobo na Cidade<\/a><\/p>\n<p><strong>Sobre o livro<\/strong>:\u00a0Contos de Um lobo na Cidade \u00e9 uma s\u00e9rie de hist\u00f3rias contadas separadamente e aparentemente sem conex\u00f5es entre si. O Personagem principal \u00e9 um Lobo em corpo de homem, geralmente andando cidade que acabou por nascer e crescer.<br \/>\nInfelizmente, ser um lobo numa cidade humana n\u00e3o \u00e9 nada agrad\u00e1vel, principalmente quando se pode ver, ouvir e interagir com todo tipo de ser, n\u00e3o s\u00f3, humanos.<\/p>\n<p style=\"text-align:center;\"><strong>Disponivel:<\/strong><\/p>\n<p><em><strong>PenDragon<\/strong><\/em> &#8211;\u00a0<span style=\"text-decoration:underline;\">http:\/\/www.lojapendragon.com.br\/fantasia\/livro-contos-de-um-lobo-na-cidade<\/span><\/p>\n<p><strong><em>Mercado Livre<\/em><\/strong> &#8211;\u00a0<span style=\"text-decoration:underline;\">https:\/\/produto.mercadolivre.com.br\/MLB-1011007637-livro-contos-de-um-lobo-na-cidade-_JM<\/span><\/p>","protected":false},"excerpt":{"rendered":"<p>Instagram &#8211; Felipe Sena Pereira Bio:\u00a0Felipe Sena Pereira Um cara estranho em um mundo normal. Meio doido e muito desligado. &lt;3 cultura oriental. Tipo Escritor e Fotografo nas horas vagas. &#8220;Contos de Um Lobo&#8221; &nbsp; &nbsp; &nbsp; &nbsp; Instagram &#8211; Contos de Um Lobo na Cidade Sobre o livro:\u00a0Contos de Um lobo na Cidade \u00e9&#8230;<\/p>","protected":false},"author":1,"featured_media":0,"parent":0,"menu_order":0,"comment_status":"closed","ping_status":"closed","template":"","meta":{"footnotes":""},"class_list":["post-1027","page","type-page","status-publish","hentry"],"_links":{"self":[{"href":"https:\/\/contosdeumlobo.com.br\/en\/wp-json\/wp\/v2\/pages\/1027","targetHints":{"allow":["GET"]}}],"collection":[{"href":"https:\/\/contosdeumlobo.com.br\/en\/wp-json\/wp\/v2\/pages"}],"about":[{"href":"https:\/\/contosdeumlobo.com.br\/en\/wp-json\/wp\/v2\/types\/page"}],"author":[{"embeddable":true,"href":"https:\/\/contosdeumlobo.com.br\/en\/wp-json\/wp\/v2\/users\/1"}],"replies":[{"embeddable":true,"href":"https:\/\/contosdeumlobo.com.br\/en\/wp-json\/wp\/v2\/comments?post=1027"}],"version-history":[{"count":0,"href":"https:\/\/contosdeumlobo.com.br\/en\/wp-json\/wp\/v2\/pages\/1027\/revisions"}],"wp:attachment":[{"href":"https:\/\/contosdeumlobo.com.br\/en\/wp-json\/wp\/v2\/media?parent=1027"}],"curies":[{"name":"wp","href":"https:\/\/api.w.org\/{rel}","templated":true}]}}